{"id":2233,"date":"2026-01-29T13:24:37","date_gmt":"2026-01-29T13:24:37","guid":{"rendered":"https:\/\/small-bud.com\/product\/cannatonic-greenhouse\/"},"modified":"2026-01-29T13:24:37","modified_gmt":"2026-01-29T13:24:37","slug":"cannatonic-greenhouse","status":"publish","type":"product","link":"https:\/\/small-bud.com\/nl\/product-nl\/cannatonic-greenhouse\/","title":{"rendered":"Cannatonic &#8211; Greenhouse"},"content":{"rendered":"<h2>CBD bloem Cannatonic Greenhouse :een uitgebalanceerde vari\u00ebteit<\/h2>\n<p>De <strong>CBD bloem Cannatonic<\/strong> kas is een van de meest gewaardeerde vari\u00ebteiten vanwege zijn natuurlijke aromatische profiel en balans. Deze kleine knop komt uit een kascultuur en profiteert van een gecontroleerde omgeving die de terpenen en natuurlijke eigenschappen van de plant behoudt. <\/p>\n<p>Als u andere vari\u00ebteiten van verschillende teeltmethoden wilt ontdekken, kunt u door onze volledige selectie <a href=\"https:\/\/small-bud.com\/nl\/product-category\/cbd-bloemen\/\">CBD-bloemen bladeren.<\/a><\/p>\n<h2>Een glastuin tussen natuur en controle<\/h2>\n<p>De glastuinbouw combineert de voordelen van buitenteelt en de bescherming van een kas. De plant profiteert van natuurlijk licht en wordt beschermd tegen klimatologische variaties. Deze methode maakt het mogelijk om een CBD-bloem rijk aan aroma&#8217;s en perfect ontwikkeld te verkrijgen.  <\/p>\n<p>Om de verschillen tussen teeltmethoden beter te begrijpen, kunt u onze gids raadplegen<\/p>\n<h2>Cannatonic&#8217;s aromatische profiel<\/h2>\n<p>De Cannatonic onderscheidt zich door een zacht en subtiel aromatisch boeket. De terpenen ontwikkelen over het algemeen plantaardige, houtachtige en licht citroenachtige tonen die het een aangename vari\u00ebteit maken voor liefhebbers van natuurlijke profielen. <\/p>\n<p>Bekijk ons artikel over CBD-bloemensmaken en terpenen voor meer informatie over de oorsprong van <a href=\"https:\/\/small-bud.com\/aromes-et-terpenes-des-fleurs-de-cbd-comprendre-les-saveurs\/\">CBD-bloesemsmaken.<\/a><\/p>\n<h2>Waarom kiezen voor de Cannatonic kleine toppen<\/h2>\n<p>De kleine toppen komen overeen met de compactere bloemen op de secundaire delen van de plant. Ze behouden dezelfde kenmerken als de hoofdkoppen en bieden een uitstekende prijs-kwaliteitverhouding. <\/p>\n<p>Als u meerdere vari\u00ebteiten in \u00e9\u00e9n volgorde wilt ontdekken, kunt u met ons <a href=\"https:\/\/small-bud.com\/nl\/product\/discovery-pack-cbd-bloemen\/\">CBD-bloemenontdekkingspakket<\/a> verschillende geselecteerde genetica verkennen.<\/p>\n<h2>Een bloem volgens de wetgeving<\/h2>\n<p>De <strong>CBD Cannatonic kasbloem<\/strong> die in onze winkel wordt aangeboden, voldoet strikt aan de Europese regelgeving, met een THC-gehalte van minder dan 0,3%. Al onze bloemen zijn afkomstig van geautoriseerde hennepvari\u00ebteiten en zijn geselecteerd op hun kwaliteit. <\/p>\n<p>Raadpleeg ons artikel: <a href=\"https:\/\/smallbud-dfnn76wlap.live-website.com\/cbd-legal-france\/\">CBD legaal in Frankrijk<\/a> om het juridische kader van cannabidiol te begrijpen.<\/p>\n<p>Voor meer informatie over onze aanpak en onze selectie van producten kunt u ook onze p<a href=\"https:\/\/small-bud.com\/nl\/daarover\/\">agina bezoeken.<\/a><\/p>\n","protected":false},"excerpt":{"rendered":"<p>De <strong>Cannatonic CBD-bloem <\/strong>die in een kas wordt <strong>gekweekt<\/strong>, staat bekend om zijn balans en regelmaat. Deze kleine <strong>CBD-knoppen<\/strong> combineren aromatische finesse en gecontroleerde kwaliteit. <\/p>\n<ul>\n<li>\ud83c\udf3f Door broeikasgassen <strong>gecontroleerde<\/strong> cultuur<\/li>\n<li>\ud83c\udf3c Subtiele en plantaardige aroma&#8217;s<\/li>\n<li>\ud83d\udc8e Small buds homogeen<\/li>\n<li>\ud83c\uddeb\ud83c\uddf7 CBD bloem legaal in Frankrijk<\/li>\n<\/ul>\n","protected":false},"featured_media":1092,"comment_status":"open","ping_status":"closed","template":"","meta":[],"product_brand":[],"product_cat":[54],"product_tag":[],"class_list":{"0":"post-2233","1":"product","2":"type-product","3":"status-publish","4":"has-post-thumbnail","6":"product_cat-cbd-bloemen","8":"first","9":"instock","10":"taxable","11":"shipping-taxable","12":"purchasable","13":"product-type-variable"},"yoast_head":"<!-- This site is optimized with the Yoast SEO plugin v27.4 - https:\/\/yoast.com\/product\/yoast-seo-wordpress\/ -->\n<title>Cannatonic CBD \u2013 CBD kasbloem | Small Bud<\/title>\n<meta name=\"description\" content=\"Ontdek Cannatonic CBD, een CBD-kasbloem met uitgebalanceerde aroma&#039;s. Geselecteerde kwaliteit, kleine toppen en legale CBD in Frankrijk.\" \/>\n<meta name=\"robots\" content=\"index, follow, max-snippet:-1, max-image-preview:large, max-video-preview:-1\" \/>\n<link rel=\"canonical\" href=\"https:\/\/small-bud.com\/nl\/product-nl\/cannatonic-greenhouse\/\" \/>\n<meta property=\"og:locale\" content=\"nl_NL\" \/>\n<meta property=\"og:type\" content=\"article\" \/>\n<meta property=\"og:title\" content=\"Cannatonic CBD \u2013 CBD kasbloem | Small Bud\" \/>\n<meta property=\"og:description\" content=\"Ontdek Cannatonic CBD, een CBD-kasbloem met uitgebalanceerde aroma&#039;s. Geselecteerde kwaliteit, kleine toppen en legale CBD in Frankrijk.\" \/>\n<meta property=\"og:url\" content=\"https:\/\/small-bud.com\/nl\/product-nl\/cannatonic-greenhouse\/\" \/>\n<meta property=\"og:site_name\" content=\"small bud\" \/>\n<meta property=\"og:image\" content=\"https:\/\/small-bud.com\/wp-content\/uploads\/2026\/02\/cannatonic-cbd.webp\" \/>\n\t<meta property=\"og:image:width\" content=\"1024\" \/>\n\t<meta property=\"og:image:height\" content=\"1024\" \/>\n\t<meta property=\"og:image:type\" content=\"image\/webp\" \/>\n<meta name=\"twitter:card\" content=\"summary_large_image\" \/>\n<meta name=\"twitter:label1\" content=\"Geschatte leestijd\" \/>\n\t<meta name=\"twitter:data1\" content=\"2 minuut\" \/>\n<script type=\"application\/ld+json\" class=\"yoast-schema-graph\">{\"@context\":\"https:\\\/\\\/schema.org\",\"@graph\":[{\"@type\":\"WebPage\",\"@id\":\"https:\\\/\\\/small-bud.com\\\/nl\\\/product-nl\\\/cannatonic-greenhouse\\\/\",\"url\":\"https:\\\/\\\/small-bud.com\\\/nl\\\/product-nl\\\/cannatonic-greenhouse\\\/\",\"name\":\"Cannatonic CBD \u2013 CBD kasbloem | Small Bud\",\"isPartOf\":{\"@id\":\"https:\\\/\\\/small-bud.com\\\/nl\\\/#website\"},\"primaryImageOfPage\":{\"@id\":\"https:\\\/\\\/small-bud.com\\\/nl\\\/product-nl\\\/cannatonic-greenhouse\\\/#primaryimage\"},\"image\":{\"@id\":\"https:\\\/\\\/small-bud.com\\\/nl\\\/product-nl\\\/cannatonic-greenhouse\\\/#primaryimage\"},\"thumbnailUrl\":\"https:\\\/\\\/small-bud.com\\\/wp-content\\\/uploads\\\/2026\\\/02\\\/cannatonic-cbd.webp\",\"datePublished\":\"2026-01-29T13:24:37+00:00\",\"description\":\"Ontdek Cannatonic CBD, een CBD-kasbloem met uitgebalanceerde aroma's. Geselecteerde kwaliteit, kleine toppen en legale CBD in Frankrijk.\",\"breadcrumb\":{\"@id\":\"https:\\\/\\\/small-bud.com\\\/nl\\\/product-nl\\\/cannatonic-greenhouse\\\/#breadcrumb\"},\"inLanguage\":\"nl-NL\",\"potentialAction\":[{\"@type\":\"ReadAction\",\"target\":[\"https:\\\/\\\/small-bud.com\\\/nl\\\/product-nl\\\/cannatonic-greenhouse\\\/\"]}]},{\"@type\":\"ImageObject\",\"inLanguage\":\"nl-NL\",\"@id\":\"https:\\\/\\\/small-bud.com\\\/nl\\\/product-nl\\\/cannatonic-greenhouse\\\/#primaryimage\",\"url\":\"https:\\\/\\\/small-bud.com\\\/wp-content\\\/uploads\\\/2026\\\/02\\\/cannatonic-cbd.webp\",\"contentUrl\":\"https:\\\/\\\/small-bud.com\\\/wp-content\\\/uploads\\\/2026\\\/02\\\/cannatonic-cbd.webp\",\"width\":1024,\"height\":1024,\"caption\":\"cannatonic greenhouse cbd\"},{\"@type\":\"BreadcrumbList\",\"@id\":\"https:\\\/\\\/small-bud.com\\\/nl\\\/product-nl\\\/cannatonic-greenhouse\\\/#breadcrumb\",\"itemListElement\":[{\"@type\":\"ListItem\",\"position\":1,\"name\":\"Accueil\",\"item\":\"https:\\\/\\\/small-bud.com\\\/nl\\\/\"},{\"@type\":\"ListItem\",\"position\":2,\"name\":\"Cannatonic &#8211; Greenhouse\"}]},{\"@type\":\"WebSite\",\"@id\":\"https:\\\/\\\/small-bud.com\\\/nl\\\/#website\",\"url\":\"https:\\\/\\\/small-bud.com\\\/nl\\\/\",\"name\":\"small bud\",\"description\":\"Le meilleur endroit pour acheter son CBD\",\"potentialAction\":[{\"@type\":\"SearchAction\",\"target\":{\"@type\":\"EntryPoint\",\"urlTemplate\":\"https:\\\/\\\/small-bud.com\\\/nl\\\/?s={search_term_string}\"},\"query-input\":{\"@type\":\"PropertyValueSpecification\",\"valueRequired\":true,\"valueName\":\"search_term_string\"}}],\"inLanguage\":\"nl-NL\"}]}<\/script>\n<!-- \/ Yoast SEO plugin. -->","yoast_head_json":{"title":"Cannatonic CBD \u2013 CBD kasbloem | Small Bud","description":"Ontdek Cannatonic CBD, een CBD-kasbloem met uitgebalanceerde aroma's. Geselecteerde kwaliteit, kleine toppen en legale CBD in Frankrijk.","robots":{"index":"index","follow":"follow","max-snippet":"max-snippet:-1","max-image-preview":"max-image-preview:large","max-video-preview":"max-video-preview:-1"},"canonical":"https:\/\/small-bud.com\/nl\/product-nl\/cannatonic-greenhouse\/","og_locale":"nl_NL","og_type":"article","og_title":"Cannatonic CBD \u2013 CBD kasbloem | Small Bud","og_description":"Ontdek Cannatonic CBD, een CBD-kasbloem met uitgebalanceerde aroma's. Geselecteerde kwaliteit, kleine toppen en legale CBD in Frankrijk.","og_url":"https:\/\/small-bud.com\/nl\/product-nl\/cannatonic-greenhouse\/","og_site_name":"small bud","og_image":[{"width":1024,"height":1024,"url":"https:\/\/small-bud.com\/wp-content\/uploads\/2026\/02\/cannatonic-cbd.webp","type":"image\/webp"}],"twitter_card":"summary_large_image","twitter_misc":{"Geschatte leestijd":"2 minuut"},"schema":{"@context":"https:\/\/schema.org","@graph":[{"@type":"WebPage","@id":"https:\/\/small-bud.com\/nl\/product-nl\/cannatonic-greenhouse\/","url":"https:\/\/small-bud.com\/nl\/product-nl\/cannatonic-greenhouse\/","name":"Cannatonic CBD \u2013 CBD kasbloem | Small Bud","isPartOf":{"@id":"https:\/\/small-bud.com\/nl\/#website"},"primaryImageOfPage":{"@id":"https:\/\/small-bud.com\/nl\/product-nl\/cannatonic-greenhouse\/#primaryimage"},"image":{"@id":"https:\/\/small-bud.com\/nl\/product-nl\/cannatonic-greenhouse\/#primaryimage"},"thumbnailUrl":"https:\/\/small-bud.com\/wp-content\/uploads\/2026\/02\/cannatonic-cbd.webp","datePublished":"2026-01-29T13:24:37+00:00","description":"Ontdek Cannatonic CBD, een CBD-kasbloem met uitgebalanceerde aroma's. Geselecteerde kwaliteit, kleine toppen en legale CBD in Frankrijk.","breadcrumb":{"@id":"https:\/\/small-bud.com\/nl\/product-nl\/cannatonic-greenhouse\/#breadcrumb"},"inLanguage":"nl-NL","potentialAction":[{"@type":"ReadAction","target":["https:\/\/small-bud.com\/nl\/product-nl\/cannatonic-greenhouse\/"]}]},{"@type":"ImageObject","inLanguage":"nl-NL","@id":"https:\/\/small-bud.com\/nl\/product-nl\/cannatonic-greenhouse\/#primaryimage","url":"https:\/\/small-bud.com\/wp-content\/uploads\/2026\/02\/cannatonic-cbd.webp","contentUrl":"https:\/\/small-bud.com\/wp-content\/uploads\/2026\/02\/cannatonic-cbd.webp","width":1024,"height":1024,"caption":"cannatonic greenhouse cbd"},{"@type":"BreadcrumbList","@id":"https:\/\/small-bud.com\/nl\/product-nl\/cannatonic-greenhouse\/#breadcrumb","itemListElement":[{"@type":"ListItem","position":1,"name":"Accueil","item":"https:\/\/small-bud.com\/nl\/"},{"@type":"ListItem","position":2,"name":"Cannatonic &#8211; Greenhouse"}]},{"@type":"WebSite","@id":"https:\/\/small-bud.com\/nl\/#website","url":"https:\/\/small-bud.com\/nl\/","name":"small bud","description":"Le meilleur endroit pour acheter son CBD","potentialAction":[{"@type":"SearchAction","target":{"@type":"EntryPoint","urlTemplate":"https:\/\/small-bud.com\/nl\/?s={search_term_string}"},"query-input":{"@type":"PropertyValueSpecification","valueRequired":true,"valueName":"search_term_string"}}],"inLanguage":"nl-NL"}]}},"_links":{"self":[{"href":"https:\/\/small-bud.com\/nl\/wp-json\/wp\/v2\/product\/2233","targetHints":{"allow":["GET"]}}],"collection":[{"href":"https:\/\/small-bud.com\/nl\/wp-json\/wp\/v2\/product"}],"about":[{"href":"https:\/\/small-bud.com\/nl\/wp-json\/wp\/v2\/types\/product"}],"replies":[{"embeddable":true,"href":"https:\/\/small-bud.com\/nl\/wp-json\/wp\/v2\/comments?post=2233"}],"wp:featuredmedia":[{"embeddable":true,"href":"https:\/\/small-bud.com\/nl\/wp-json\/wp\/v2\/media\/1092"}],"wp:attachment":[{"href":"https:\/\/small-bud.com\/nl\/wp-json\/wp\/v2\/media?parent=2233"}],"wp:term":[{"taxonomy":"product_brand","embeddable":true,"href":"https:\/\/small-bud.com\/nl\/wp-json\/wp\/v2\/product_brand?post=2233"},{"taxonomy":"product_cat","embeddable":true,"href":"https:\/\/small-bud.com\/nl\/wp-json\/wp\/v2\/product_cat?post=2233"},{"taxonomy":"product_tag","embeddable":true,"href":"https:\/\/small-bud.com\/nl\/wp-json\/wp\/v2\/product_tag?post=2233"}],"curies":[{"name":"wp","href":"https:\/\/api.w.org\/{rel}","templated":true}]}}