{"id":582,"date":"2026-01-28T16:55:05","date_gmt":"2026-01-28T16:55:05","guid":{"rendered":"https:\/\/smallbud-dfnn76wlap.live-website.com\/?page_id=582"},"modified":"2026-02-18T15:57:38","modified_gmt":"2026-02-18T15:57:38","slug":"contact","status":"publish","type":"page","link":"https:\/\/small-bud.com\/fr\/contact\/","title":{"rendered":"Contact"},"content":{"rendered":"\t\t<div data-elementor-type=\"wp-page\" data-elementor-id=\"582\" class=\"elementor elementor-582\">\n\t\t\t\t<div class=\"elementor-element elementor-element-6fd211bb e-flex e-con-boxed e-con e-parent\" data-id=\"6fd211bb\" data-element_type=\"container\" data-e-type=\"container\">\n\t\t\t\t\t<div class=\"e-con-inner\">\n\t\t\t\t<div class=\"elementor-element elementor-element-40b0fb22 elementor-widget elementor-widget-text-editor\" data-id=\"40b0fb22\" data-element_type=\"widget\" data-e-type=\"widget\" data-widget_type=\"text-editor.default\">\n\t\t\t\t\t\t\t\t\t<h1>Contactez-nous<\/h1>\nUne question sur une pr\u00e9-commande, un produit, votre commande ou la livraison ?\nNotre \u00e9quipe est \u00e0 votre \u00e9coute et vous r\u00e9pondra dans les meilleurs d\u00e9lais.\n\nUtilisez le formulaire ci-dessous pour nous contacter directement.\t\t\t\t\t\t\t\t<\/div>\n\t\t\t\t\t<\/div>\n\t\t\t\t<\/div>\n\t\t<div class=\"elementor-element elementor-element-5646bdc e-flex e-con-boxed e-con e-parent\" data-id=\"5646bdc\" data-element_type=\"container\" data-e-type=\"container\">\n\t\t\t\t\t<div class=\"e-con-inner\">\n\t\t\t\t<div class=\"elementor-element elementor-element-85595ea elementor-widget elementor-widget-wpforms\" data-id=\"85595ea\" data-element_type=\"widget\" data-e-type=\"widget\" data-widget_type=\"wpforms.default\">\n\t\t\t\t<div class=\"elementor-widget-container\">\n\t\t\t\t\t<style id=\"wpforms-css-vars-elementor-widget-85595ea\">\n\t\t\t\t.elementor-widget-wpforms.elementor-element-85595ea {\n\t\t\t\t--wpforms-label-color: #D0ED37D9;\n\t\t\t}\n\t\t\t<\/style><div class=\"wpforms-container wpforms-container-full wpforms-render-modern\" id=\"wpforms-577\"><form id=\"wpforms-form-577\" class=\"wpforms-validate wpforms-form wpforms-ajax-form\" data-formid=\"577\" method=\"post\" enctype=\"multipart\/form-data\" action=\"\/fr\/wp-json\/wp\/v2\/pages\/582\" data-token=\"57f4975016931127580ac2052432d884\" data-token-time=\"1777656521\"><noscript class=\"wpforms-error-noscript\">Veuillez activer JavaScript dans votre navigateur pour remplir ce formulaire.<\/noscript><div id=\"wpforms-error-noscript\" style=\"display: none;\">Veuillez activer JavaScript dans votre navigateur pour remplir ce formulaire.<\/div><div class=\"wpforms-field-container\"><div id=\"wpforms-577-field_1-container\" class=\"wpforms-field wpforms-field-name\" data-field-id=\"1\"><label class=\"wpforms-field-label\" for=\"wpforms-577-field_1\">Nom <span class=\"wpforms-required-label\" aria-hidden=\"true\">*<\/span><\/label><input type=\"text\" id=\"wpforms-577-field_1\" class=\"wpforms-field-medium wpforms-field-required\" name=\"wpforms[fields][1]\" aria-errormessage=\"wpforms-577-field_1-error\" required><\/div><div id=\"wpforms-577-field_2-container\" class=\"wpforms-field wpforms-field-email\" data-field-id=\"2\"><label class=\"wpforms-field-label\" for=\"wpforms-577-field_2\">E-mail <span class=\"wpforms-required-label\" aria-hidden=\"true\">*<\/span><\/label><input type=\"email\" id=\"wpforms-577-field_2\" class=\"wpforms-field-medium wpforms-field-required\" name=\"wpforms[fields][2]\" spellcheck=\"false\" aria-errormessage=\"wpforms-577-field_2-error\" required><\/div>\t\t<div id=\"wpforms-577-field_5-container\"\n\t\t\tclass=\"wpforms-field wpforms-field-text\"\n\t\t\tdata-field-type=\"text\"\n\t\t\tdata-field-id=\"5\"\n\t\t\t>\n\t\t\t<label class=\"wpforms-field-label\" for=\"wpforms-577-field_5\" >E-mail Nom ou<\/label>\n\t\t\t<input type=\"text\" id=\"wpforms-577-field_5\" class=\"wpforms-field-medium\" name=\"wpforms[fields][5]\" >\n\t\t<\/div>\n\t\t<div id=\"wpforms-577-field_3-container\" class=\"wpforms-field wpforms-field-textarea\" data-field-id=\"3\"><label class=\"wpforms-field-label\" for=\"wpforms-577-field_3\">Commentaire ou message<\/label><textarea id=\"wpforms-577-field_3\" class=\"wpforms-field-medium\" name=\"wpforms[fields][3]\" aria-errormessage=\"wpforms-577-field_3-error\" ><\/textarea><\/div><div id=\"wpforms-577-field_4-container\" class=\"wpforms-field wpforms-field-checkbox\" data-field-id=\"4\"><fieldset><legend class=\"wpforms-field-label\">Consentement <span class=\"wpforms-required-label\" aria-hidden=\"true\">*<\/span><\/legend><ul id=\"wpforms-577-field_4\" class=\"wpforms-field-required\"><li class=\"choice-1 depth-1\"><input type=\"checkbox\" id=\"wpforms-577-field_4_1\" name=\"wpforms[fields][4][]\" value=\"J\u2019accepte que mes donn\u00e9es personnelles soient utilis\u00e9es uniquement afin de r\u00e9pondre \u00e0 ma demande, conform\u00e9ment \u00e0 la politique de confidentialit\u00e9.\" aria-errormessage=\"wpforms-577-field_4_1-error\" required ><label class=\"wpforms-field-label-inline\" for=\"wpforms-577-field_4_1\">J\u2019accepte que mes donn\u00e9es personnelles soient utilis\u00e9es uniquement afin de r\u00e9pondre \u00e0 ma demande, conform\u00e9ment \u00e0 la politique de confidentialit\u00e9.<\/label><\/li><\/ul><\/fieldset><\/div><script>\n\t\t\t\t( function() {\n\t\t\t\t\tconst style = document.createElement( 'style' );\n\t\t\t\t\tstyle.appendChild( document.createTextNode( '#wpforms-577-field_5-container { position: absolute !important; overflow: hidden !important; display: inline !important; height: 1px !important; width: 1px !important; z-index: -1000 !important; padding: 0 !important; } #wpforms-577-field_5-container input { visibility: hidden; } #wpforms-conversational-form-page #wpforms-577-field_5-container label { counter-increment: none; }' ) );\n\t\t\t\t\tdocument.head.appendChild( style );\n\t\t\t\t\tdocument.currentScript?.remove();\n\t\t\t\t} )();\n\t\t\t<\/script><\/div><!-- .wpforms-field-container --><div class=\"wpforms-submit-container\" ><input type=\"hidden\" name=\"wpforms[id]\" value=\"577\"><input type=\"hidden\" name=\"page_title\" value=\"\"><input type=\"hidden\" name=\"page_url\" value=\"https:\/\/small-bud.com\/fr\/wp-json\/wp\/v2\/pages\/582\"><input type=\"hidden\" name=\"url_referer\" value=\"\"><button type=\"submit\" name=\"wpforms[submit]\" id=\"wpforms-submit-577\" class=\"wpforms-submit\" data-alt-text=\"Envoi...\" data-submit-text=\"Envoyer\" aria-live=\"assertive\" value=\"wpforms-submit\">Envoyer<\/button><img decoding=\"async\" src=\"https:\/\/small-bud.com\/wp-content\/plugins\/wpforms-lite\/assets\/images\/submit-spin.svg\" class=\"wpforms-submit-spinner\" style=\"display: none;\" width=\"26\" height=\"26\" alt=\"Chargement en cours\"><\/div><\/form><\/div>  <!-- .wpforms-container -->\t\t\t\t<\/div>\n\t\t\t\t<\/div>\n\t\t\t\t\t<\/div>\n\t\t\t\t<\/div>\n\t\t\t\t<\/div>\n\t\t","protected":false},"excerpt":{"rendered":"<p>Contactez-nous Une question sur une pr\u00e9-commande, un produit, votre commande ou la livraison ? Notre \u00e9quipe est \u00e0 votre \u00e9coute et vous r\u00e9pondra dans les meilleurs d\u00e9lais. Utilisez le formulaire ci-dessous pour nous contacter directement. Veuillez activer JavaScript dans votre navigateur pour remplir ce formulaire.Veuillez activer JavaScript dans votre navigateur pour remplir ce formulaire.Nom *E-mail [&hellip;]<\/p>\n","protected":false},"author":1,"featured_media":0,"parent":0,"menu_order":0,"comment_status":"closed","ping_status":"closed","template":"","meta":{"footnotes":""},"class_list":["post-582","page","type-page","status-publish","hentry"],"yoast_head":"<!-- This site is optimized with the Yoast SEO plugin v27.5 - https:\/\/yoast.com\/product\/yoast-seo-wordpress\/ -->\n<title>Contact | Small Bud \u2013 Service client &amp; informations<\/title>\n<meta name=\"description\" content=\"Une question sur une pr\u00e9-commande, un produit ou une livraison ? Contactez l\u2019\u00e9quipe Small Bud via notre formulaire, r\u00e9ponse rapide assur\u00e9e.\" \/>\n<meta name=\"robots\" content=\"index, follow, max-snippet:-1, max-image-preview:large, max-video-preview:-1\" \/>\n<link rel=\"canonical\" href=\"https:\/\/small-bud.com\/fr\/contact\/\" \/>\n<meta property=\"og:locale\" content=\"fr_FR\" \/>\n<meta property=\"og:type\" content=\"article\" \/>\n<meta property=\"og:title\" content=\"Contact | Small Bud \u2013 Service client &amp; informations\" \/>\n<meta property=\"og:description\" content=\"Une question sur une pr\u00e9-commande, un produit ou une livraison ? Contactez l\u2019\u00e9quipe Small Bud via notre formulaire, r\u00e9ponse rapide assur\u00e9e.\" \/>\n<meta property=\"og:url\" content=\"https:\/\/small-bud.com\/fr\/contact\/\" \/>\n<meta property=\"og:site_name\" content=\"small bud\" \/>\n<meta property=\"article:modified_time\" content=\"2026-02-18T15:57:38+00:00\" \/>\n<meta property=\"og:image\" content=\"https:\/\/small-bud.com\/wp-content\/plugins\/wpforms-lite\/assets\/images\/submit-spin.svg\" \/>\n<meta name=\"twitter:card\" content=\"summary_large_image\" \/>\n<meta name=\"twitter:label1\" content=\"Dur\u00e9e de lecture estim\u00e9e\" \/>\n\t<meta name=\"twitter:data1\" content=\"1 minute\" \/>\n<script type=\"application\/ld+json\" class=\"yoast-schema-graph\">{\"@context\":\"https:\\\/\\\/schema.org\",\"@graph\":[{\"@type\":\"WebPage\",\"@id\":\"https:\\\/\\\/small-bud.com\\\/fr\\\/contact\\\/\",\"url\":\"https:\\\/\\\/small-bud.com\\\/fr\\\/contact\\\/\",\"name\":\"Contact | Small Bud \u2013 Service client & informations\",\"isPartOf\":{\"@id\":\"https:\\\/\\\/small-bud.com\\\/fr\\\/#website\"},\"primaryImageOfPage\":{\"@id\":\"https:\\\/\\\/small-bud.com\\\/fr\\\/contact\\\/#primaryimage\"},\"image\":{\"@id\":\"https:\\\/\\\/small-bud.com\\\/fr\\\/contact\\\/#primaryimage\"},\"thumbnailUrl\":\"https:\\\/\\\/small-bud.com\\\/wp-content\\\/plugins\\\/wpforms-lite\\\/assets\\\/images\\\/submit-spin.svg\",\"datePublished\":\"2026-01-28T16:55:05+00:00\",\"dateModified\":\"2026-02-18T15:57:38+00:00\",\"description\":\"Une question sur une pr\u00e9-commande, un produit ou une livraison ? Contactez l\u2019\u00e9quipe Small Bud via notre formulaire, r\u00e9ponse rapide assur\u00e9e.\",\"breadcrumb\":{\"@id\":\"https:\\\/\\\/small-bud.com\\\/fr\\\/contact\\\/#breadcrumb\"},\"inLanguage\":\"fr-FR\",\"potentialAction\":[{\"@type\":\"ReadAction\",\"target\":[\"https:\\\/\\\/small-bud.com\\\/fr\\\/contact\\\/\"]}]},{\"@type\":\"ImageObject\",\"inLanguage\":\"fr-FR\",\"@id\":\"https:\\\/\\\/small-bud.com\\\/fr\\\/contact\\\/#primaryimage\",\"url\":\"https:\\\/\\\/small-bud.com\\\/wp-content\\\/plugins\\\/wpforms-lite\\\/assets\\\/images\\\/submit-spin.svg\",\"contentUrl\":\"https:\\\/\\\/small-bud.com\\\/wp-content\\\/plugins\\\/wpforms-lite\\\/assets\\\/images\\\/submit-spin.svg\"},{\"@type\":\"BreadcrumbList\",\"@id\":\"https:\\\/\\\/small-bud.com\\\/fr\\\/contact\\\/#breadcrumb\",\"itemListElement\":[{\"@type\":\"ListItem\",\"position\":1,\"name\":\"Accueil\",\"item\":\"https:\\\/\\\/small-bud.com\\\/fr\\\/\"},{\"@type\":\"ListItem\",\"position\":2,\"name\":\"Contact\"}]},{\"@type\":\"WebSite\",\"@id\":\"https:\\\/\\\/small-bud.com\\\/fr\\\/#website\",\"url\":\"https:\\\/\\\/small-bud.com\\\/fr\\\/\",\"name\":\"small bud\",\"description\":\"Le meilleur endroit pour acheter son CBD\",\"potentialAction\":[{\"@type\":\"SearchAction\",\"target\":{\"@type\":\"EntryPoint\",\"urlTemplate\":\"https:\\\/\\\/small-bud.com\\\/fr\\\/?s={search_term_string}\"},\"query-input\":{\"@type\":\"PropertyValueSpecification\",\"valueRequired\":true,\"valueName\":\"search_term_string\"}}],\"inLanguage\":\"fr-FR\"}]}<\/script>\n<!-- \/ Yoast SEO plugin. -->","yoast_head_json":{"title":"Contact | Small Bud \u2013 Service client & informations","description":"Une question sur une pr\u00e9-commande, un produit ou une livraison ? Contactez l\u2019\u00e9quipe Small Bud via notre formulaire, r\u00e9ponse rapide assur\u00e9e.","robots":{"index":"index","follow":"follow","max-snippet":"max-snippet:-1","max-image-preview":"max-image-preview:large","max-video-preview":"max-video-preview:-1"},"canonical":"https:\/\/small-bud.com\/fr\/contact\/","og_locale":"fr_FR","og_type":"article","og_title":"Contact | Small Bud \u2013 Service client & informations","og_description":"Une question sur une pr\u00e9-commande, un produit ou une livraison ? Contactez l\u2019\u00e9quipe Small Bud via notre formulaire, r\u00e9ponse rapide assur\u00e9e.","og_url":"https:\/\/small-bud.com\/fr\/contact\/","og_site_name":"small bud","article_modified_time":"2026-02-18T15:57:38+00:00","og_image":[{"url":"https:\/\/small-bud.com\/wp-content\/plugins\/wpforms-lite\/assets\/images\/submit-spin.svg","type":"","width":"","height":""}],"twitter_card":"summary_large_image","twitter_misc":{"Dur\u00e9e de lecture estim\u00e9e":"1 minute"},"schema":{"@context":"https:\/\/schema.org","@graph":[{"@type":"WebPage","@id":"https:\/\/small-bud.com\/fr\/contact\/","url":"https:\/\/small-bud.com\/fr\/contact\/","name":"Contact | Small Bud \u2013 Service client & informations","isPartOf":{"@id":"https:\/\/small-bud.com\/fr\/#website"},"primaryImageOfPage":{"@id":"https:\/\/small-bud.com\/fr\/contact\/#primaryimage"},"image":{"@id":"https:\/\/small-bud.com\/fr\/contact\/#primaryimage"},"thumbnailUrl":"https:\/\/small-bud.com\/wp-content\/plugins\/wpforms-lite\/assets\/images\/submit-spin.svg","datePublished":"2026-01-28T16:55:05+00:00","dateModified":"2026-02-18T15:57:38+00:00","description":"Une question sur une pr\u00e9-commande, un produit ou une livraison ? Contactez l\u2019\u00e9quipe Small Bud via notre formulaire, r\u00e9ponse rapide assur\u00e9e.","breadcrumb":{"@id":"https:\/\/small-bud.com\/fr\/contact\/#breadcrumb"},"inLanguage":"fr-FR","potentialAction":[{"@type":"ReadAction","target":["https:\/\/small-bud.com\/fr\/contact\/"]}]},{"@type":"ImageObject","inLanguage":"fr-FR","@id":"https:\/\/small-bud.com\/fr\/contact\/#primaryimage","url":"https:\/\/small-bud.com\/wp-content\/plugins\/wpforms-lite\/assets\/images\/submit-spin.svg","contentUrl":"https:\/\/small-bud.com\/wp-content\/plugins\/wpforms-lite\/assets\/images\/submit-spin.svg"},{"@type":"BreadcrumbList","@id":"https:\/\/small-bud.com\/fr\/contact\/#breadcrumb","itemListElement":[{"@type":"ListItem","position":1,"name":"Accueil","item":"https:\/\/small-bud.com\/fr\/"},{"@type":"ListItem","position":2,"name":"Contact"}]},{"@type":"WebSite","@id":"https:\/\/small-bud.com\/fr\/#website","url":"https:\/\/small-bud.com\/fr\/","name":"small bud","description":"Le meilleur endroit pour acheter son CBD","potentialAction":[{"@type":"SearchAction","target":{"@type":"EntryPoint","urlTemplate":"https:\/\/small-bud.com\/fr\/?s={search_term_string}"},"query-input":{"@type":"PropertyValueSpecification","valueRequired":true,"valueName":"search_term_string"}}],"inLanguage":"fr-FR"}]}},"_links":{"self":[{"href":"https:\/\/small-bud.com\/fr\/wp-json\/wp\/v2\/pages\/582","targetHints":{"allow":["GET"]}}],"collection":[{"href":"https:\/\/small-bud.com\/fr\/wp-json\/wp\/v2\/pages"}],"about":[{"href":"https:\/\/small-bud.com\/fr\/wp-json\/wp\/v2\/types\/page"}],"author":[{"embeddable":true,"href":"https:\/\/small-bud.com\/fr\/wp-json\/wp\/v2\/users\/1"}],"replies":[{"embeddable":true,"href":"https:\/\/small-bud.com\/fr\/wp-json\/wp\/v2\/comments?post=582"}],"version-history":[{"count":18,"href":"https:\/\/small-bud.com\/fr\/wp-json\/wp\/v2\/pages\/582\/revisions"}],"predecessor-version":[{"id":1014,"href":"https:\/\/small-bud.com\/fr\/wp-json\/wp\/v2\/pages\/582\/revisions\/1014"}],"wp:attachment":[{"href":"https:\/\/small-bud.com\/fr\/wp-json\/wp\/v2\/media?parent=582"}],"curies":[{"name":"wp","href":"https:\/\/api.w.org\/{rel}","templated":true}]}}