{"id":534,"date":"2026-01-27T18:06:45","date_gmt":"2026-01-27T18:06:45","guid":{"rendered":"https:\/\/smallbud-dfnn76wlap.live-website.com\/?page_id=534"},"modified":"2026-02-27T10:35:19","modified_gmt":"2026-02-27T10:35:19","slug":"mentions-legales","status":"publish","type":"page","link":"https:\/\/small-bud.com\/fr\/mentions-legales\/","title":{"rendered":"Mentions l\u00e9gales"},"content":{"rendered":"\t\t<div data-elementor-type=\"wp-page\" data-elementor-id=\"534\" class=\"elementor elementor-534\">\n\t\t\t\t<div class=\"elementor-element elementor-element-5c1ab351 e-flex e-con-boxed e-con e-parent\" data-id=\"5c1ab351\" data-element_type=\"container\" data-e-type=\"container\">\n\t\t\t\t\t<div class=\"e-con-inner\">\n\t\t\t\t<div class=\"elementor-element elementor-element-23cedf7f elementor-widget elementor-widget-text-editor\" data-id=\"23cedf7f\" data-element_type=\"widget\" data-e-type=\"widget\" data-widget_type=\"text-editor.default\">\n\t\t\t\t\t\t\t\t\t<h1>Mentions l\u00e9gales<\/h1><p>Conform\u00e9ment aux dispositions de la loi n\u00b02004-575 du 21 juin 2004 pour la confiance<br \/>dans l\u2019\u00e9conomie num\u00e9rique (LCEN), il est pr\u00e9cis\u00e9 aux utilisateurs du site<br \/>l\u2019identit\u00e9 des diff\u00e9rents intervenants dans le cadre de sa r\u00e9alisation et de son suivi.<\/p><h2>\u00c9diteur du site<\/h2><p><strong>Nom :<\/strong> Arnaud La Rocca<br \/><strong>Statut :<\/strong> Entreprise Individuelle<br \/><strong>Adresse :<\/strong> 501 Rue Claudius Camail, 83340 Le Thoronet, France<br \/><strong>SIRET :<\/strong> 10085735800012 <strong>Num\u00e9ro de TVA: :<\/strong> FR83100857358 <strong> N\u00b0RCS<\/strong><br \/>100 857 358 Draguignan<br \/><strong>Adresse e-mail :<\/strong> contact@small-bud.com<br \/><strong>Num\u00e9ro de t\u00e9l\u00e9phone :<\/strong> 06 09 52 54 38<\/p><h2>Directeur de la publication<\/h2><p>Arnaud La Rocca<\/p><h2>H\u00e9bergeur<\/h2><p>Le site est h\u00e9berg\u00e9 par :<br \/><strong>IONOS<\/strong><br \/>7 place de la Gare<br \/>57200 Sarreguemines<br \/>France<br \/>Site web : <a href=\"https:\/\/www.ionos.fr\" target=\"_blank\" rel=\"noopener noreferrer\">ionos.fr<\/a><\/p><h2>Propri\u00e9t\u00e9 intellectuelle<\/h2><p>L\u2019ensemble des contenus pr\u00e9sents sur ce site, incluant notamment les textes,<br \/>images, logos, graphismes et la structure du site,<br \/>est prot\u00e9g\u00e9 par le droit de la propri\u00e9t\u00e9 intellectuelle.<\/p><p>Toute reproduction, repr\u00e9sentation, modification ou exploitation,<br \/>totale ou partielle, sans autorisation pr\u00e9alable \u00e9crite de l\u2019\u00e9diteur,<br \/>est strictement interdite.<\/p><h2>Responsabilit\u00e9<\/h2><p>L\u2019\u00e9diteur du site s\u2019efforce de fournir des informations aussi pr\u00e9cises que possible.<br \/>Toutefois, il ne pourra \u00eatre tenu responsable des omissions,<br \/>des inexactitudes ou des carences dans la mise \u00e0 jour des informations,<br \/>qu\u2019elles soient de son fait ou du fait de tiers partenaires.<\/p><h2>L\u00e9galit\u00e9 du CBD en France et en Europe<\/h2><p>Le cannabidiol (CBD) est une mol\u00e9cule naturellement pr\u00e9sente dans la plante de chanvre.<br \/>En France et au sein de l\u2019Union europ\u00e9enne, la commercialisation de produits \u00e0 base de CBD<br \/>est autoris\u00e9e sous r\u00e9serve du respect strict de la r\u00e9glementation en vigueur.<\/p><p>Les produits propos\u00e9s doivent notamment contenir un taux de THC<br \/>inf\u00e9rieur ou \u00e9gal \u00e0 0,3 %, conform\u00e9ment aux seuils d\u00e9finis par la l\u00e9gislation europ\u00e9enne.<br \/>Ces r\u00e8gles visent \u00e0 encadrer la mise sur le march\u00e9 et \u00e0 garantir la conformit\u00e9 des produits.<\/p><h2>Cadre r\u00e9glementaire applicable aux produits au CBD<\/h2><p>Les produits \u00e0 base de CBD doivent \u00eatre issus de vari\u00e9t\u00e9s de chanvre autoris\u00e9es<br \/>et respecter les normes impos\u00e9es par les autorit\u00e9s comp\u00e9tentes.<br \/>La conformit\u00e9 repose sur plusieurs crit\u00e8res,<br \/>tels que l\u2019origine des mati\u00e8res premi\u00e8res et le respect des seuils l\u00e9gaux.<\/p><p>Les informations communiqu\u00e9es sur les produits sont fournies \u00e0 titre informatif<br \/>et ne constituent ni un avis m\u00e9dical ni une promesse d\u2019effet.<\/p><h2>Consommation et usage : responsabilit\u00e9 du consommateur<\/h2><p>La consommation de produits \u00e0 base de CBD rel\u00e8ve de la responsabilit\u00e9 individuelle<br \/>du consommateur. Il appartient \u00e0 chacun de s\u2019informer sur la r\u00e9glementation applicable<br \/>et de respecter les usages autoris\u00e9s dans son pays de r\u00e9sidence.<\/p><p>Les produits propos\u00e9s ne sont pas destin\u00e9s \u00e0 un usage m\u00e9dical<br \/>et ne remplacent en aucun cas un traitement prescrit par un professionnel de sant\u00e9.<\/p><h2>Restrictions et pr\u00e9cautions d\u2019usage<\/h2><p>Les produits contenant du CBD sont strictement r\u00e9serv\u00e9s \u00e0 un public majeur.<br \/>Ils ne doivent en aucun cas \u00eatre utilis\u00e9s par des mineurs.<\/p><p>En cas de doute ou de situation particuli\u00e8re,<br \/>il est recommand\u00e9 de solliciter l\u2019avis d\u2019un professionnel qualifi\u00e9.<br \/>Il est \u00e9galement conseill\u00e9 de se renseigner sur les r\u00e8gles en vigueur<br \/>avant tout d\u00e9placement \u00e0 l\u2019\u00e9tranger,<br \/>les l\u00e9gislations pouvant varier d\u2019un pays \u00e0 l\u2019autre au sein de l\u2019Union europ\u00e9enne.<\/p><h2>\u00c9volutions possibles de la r\u00e9glementation<\/h2><p>La r\u00e9glementation concernant le CBD est susceptible d\u2019\u00e9voluer.<br \/>Les cadres l\u00e9gaux et interpr\u00e9tations juridiques peuvent \u00eatre modifi\u00e9s<br \/>en fonction des d\u00e9cisions nationales ou europ\u00e9ennes.<\/p><p>Les consommateurs sont invit\u00e9s \u00e0 se tenir inform\u00e9s des \u00e9volutions l\u00e9gislatives<br \/>afin de garantir un usage conforme, responsable et respectueux de la loi.<\/p>\t\t\t\t\t\t\t\t<\/div>\n\t\t\t\t\t<\/div>\n\t\t\t\t<\/div>\n\t\t\t\t<\/div>\n\t\t","protected":false},"excerpt":{"rendered":"<p>Mentions l\u00e9gales Conform\u00e9ment aux dispositions de la loi n\u00b02004-575 du 21 juin 2004 pour la confiancedans l\u2019\u00e9conomie num\u00e9rique (LCEN), il est pr\u00e9cis\u00e9 aux utilisateurs du sitel\u2019identit\u00e9 des diff\u00e9rents intervenants dans le cadre de sa r\u00e9alisation et de son suivi. \u00c9diteur du site Nom : Arnaud La RoccaStatut : Entreprise IndividuelleAdresse : 501 Rue Claudius Camail, [&hellip;]<\/p>\n","protected":false},"author":1,"featured_media":0,"parent":0,"menu_order":0,"comment_status":"closed","ping_status":"closed","template":"","meta":{"footnotes":""},"class_list":["post-534","page","type-page","status-publish","hentry"],"yoast_head":"<!-- This site is optimized with the Yoast SEO plugin v27.5 - https:\/\/yoast.com\/product\/yoast-seo-wordpress\/ -->\n<title>Mentions l\u00e9gales \u2013 Small Bud<\/title>\n<meta name=\"description\" content=\"Mentions l\u00e9gales et informations l\u00e9gales du site Small Bud, boutique en ligne sp\u00e9cialis\u00e9e dans la vente de small buds CBD.\" \/>\n<meta name=\"robots\" content=\"index, follow, max-snippet:-1, max-image-preview:large, max-video-preview:-1\" \/>\n<link rel=\"canonical\" href=\"https:\/\/small-bud.com\/fr\/mentions-legales\/\" \/>\n<meta property=\"og:locale\" content=\"fr_FR\" \/>\n<meta property=\"og:type\" content=\"article\" \/>\n<meta property=\"og:title\" content=\"Mentions l\u00e9gales \u2013 Small Bud\" \/>\n<meta property=\"og:description\" content=\"Mentions l\u00e9gales et informations l\u00e9gales du site Small Bud, boutique en ligne sp\u00e9cialis\u00e9e dans la vente de small buds CBD.\" \/>\n<meta property=\"og:url\" content=\"https:\/\/small-bud.com\/fr\/mentions-legales\/\" \/>\n<meta property=\"og:site_name\" content=\"small bud\" \/>\n<meta property=\"article:modified_time\" content=\"2026-02-27T10:35:19+00:00\" \/>\n<meta name=\"twitter:card\" content=\"summary_large_image\" \/>\n<meta name=\"twitter:label1\" content=\"Dur\u00e9e de lecture estim\u00e9e\" \/>\n\t<meta name=\"twitter:data1\" content=\"3 minutes\" \/>\n<script type=\"application\/ld+json\" class=\"yoast-schema-graph\">{\"@context\":\"https:\\\/\\\/schema.org\",\"@graph\":[{\"@type\":\"WebPage\",\"@id\":\"https:\\\/\\\/small-bud.com\\\/fr\\\/mentions-legales\\\/\",\"url\":\"https:\\\/\\\/small-bud.com\\\/fr\\\/mentions-legales\\\/\",\"name\":\"Mentions l\u00e9gales \u2013 Small Bud\",\"isPartOf\":{\"@id\":\"https:\\\/\\\/small-bud.com\\\/fr\\\/#website\"},\"datePublished\":\"2026-01-27T18:06:45+00:00\",\"dateModified\":\"2026-02-27T10:35:19+00:00\",\"description\":\"Mentions l\u00e9gales et informations l\u00e9gales du site Small Bud, boutique en ligne sp\u00e9cialis\u00e9e dans la vente de small buds CBD.\",\"breadcrumb\":{\"@id\":\"https:\\\/\\\/small-bud.com\\\/fr\\\/mentions-legales\\\/#breadcrumb\"},\"inLanguage\":\"fr-FR\",\"potentialAction\":[{\"@type\":\"ReadAction\",\"target\":[\"https:\\\/\\\/small-bud.com\\\/fr\\\/mentions-legales\\\/\"]}]},{\"@type\":\"BreadcrumbList\",\"@id\":\"https:\\\/\\\/small-bud.com\\\/fr\\\/mentions-legales\\\/#breadcrumb\",\"itemListElement\":[{\"@type\":\"ListItem\",\"position\":1,\"name\":\"Accueil\",\"item\":\"https:\\\/\\\/small-bud.com\\\/fr\\\/\"},{\"@type\":\"ListItem\",\"position\":2,\"name\":\"Mentions l\u00e9gales\"}]},{\"@type\":\"WebSite\",\"@id\":\"https:\\\/\\\/small-bud.com\\\/fr\\\/#website\",\"url\":\"https:\\\/\\\/small-bud.com\\\/fr\\\/\",\"name\":\"small bud\",\"description\":\"Le meilleur endroit pour acheter son CBD\",\"potentialAction\":[{\"@type\":\"SearchAction\",\"target\":{\"@type\":\"EntryPoint\",\"urlTemplate\":\"https:\\\/\\\/small-bud.com\\\/fr\\\/?s={search_term_string}\"},\"query-input\":{\"@type\":\"PropertyValueSpecification\",\"valueRequired\":true,\"valueName\":\"search_term_string\"}}],\"inLanguage\":\"fr-FR\"}]}<\/script>\n<!-- \/ Yoast SEO plugin. -->","yoast_head_json":{"title":"Mentions l\u00e9gales \u2013 Small Bud","description":"Mentions l\u00e9gales et informations l\u00e9gales du site Small Bud, boutique en ligne sp\u00e9cialis\u00e9e dans la vente de small buds CBD.","robots":{"index":"index","follow":"follow","max-snippet":"max-snippet:-1","max-image-preview":"max-image-preview:large","max-video-preview":"max-video-preview:-1"},"canonical":"https:\/\/small-bud.com\/fr\/mentions-legales\/","og_locale":"fr_FR","og_type":"article","og_title":"Mentions l\u00e9gales \u2013 Small Bud","og_description":"Mentions l\u00e9gales et informations l\u00e9gales du site Small Bud, boutique en ligne sp\u00e9cialis\u00e9e dans la vente de small buds CBD.","og_url":"https:\/\/small-bud.com\/fr\/mentions-legales\/","og_site_name":"small bud","article_modified_time":"2026-02-27T10:35:19+00:00","twitter_card":"summary_large_image","twitter_misc":{"Dur\u00e9e de lecture estim\u00e9e":"3 minutes"},"schema":{"@context":"https:\/\/schema.org","@graph":[{"@type":"WebPage","@id":"https:\/\/small-bud.com\/fr\/mentions-legales\/","url":"https:\/\/small-bud.com\/fr\/mentions-legales\/","name":"Mentions l\u00e9gales \u2013 Small Bud","isPartOf":{"@id":"https:\/\/small-bud.com\/fr\/#website"},"datePublished":"2026-01-27T18:06:45+00:00","dateModified":"2026-02-27T10:35:19+00:00","description":"Mentions l\u00e9gales et informations l\u00e9gales du site Small Bud, boutique en ligne sp\u00e9cialis\u00e9e dans la vente de small buds CBD.","breadcrumb":{"@id":"https:\/\/small-bud.com\/fr\/mentions-legales\/#breadcrumb"},"inLanguage":"fr-FR","potentialAction":[{"@type":"ReadAction","target":["https:\/\/small-bud.com\/fr\/mentions-legales\/"]}]},{"@type":"BreadcrumbList","@id":"https:\/\/small-bud.com\/fr\/mentions-legales\/#breadcrumb","itemListElement":[{"@type":"ListItem","position":1,"name":"Accueil","item":"https:\/\/small-bud.com\/fr\/"},{"@type":"ListItem","position":2,"name":"Mentions l\u00e9gales"}]},{"@type":"WebSite","@id":"https:\/\/small-bud.com\/fr\/#website","url":"https:\/\/small-bud.com\/fr\/","name":"small bud","description":"Le meilleur endroit pour acheter son CBD","potentialAction":[{"@type":"SearchAction","target":{"@type":"EntryPoint","urlTemplate":"https:\/\/small-bud.com\/fr\/?s={search_term_string}"},"query-input":{"@type":"PropertyValueSpecification","valueRequired":true,"valueName":"search_term_string"}}],"inLanguage":"fr-FR"}]}},"_links":{"self":[{"href":"https:\/\/small-bud.com\/fr\/wp-json\/wp\/v2\/pages\/534","targetHints":{"allow":["GET"]}}],"collection":[{"href":"https:\/\/small-bud.com\/fr\/wp-json\/wp\/v2\/pages"}],"about":[{"href":"https:\/\/small-bud.com\/fr\/wp-json\/wp\/v2\/types\/page"}],"author":[{"embeddable":true,"href":"https:\/\/small-bud.com\/fr\/wp-json\/wp\/v2\/users\/1"}],"replies":[{"embeddable":true,"href":"https:\/\/small-bud.com\/fr\/wp-json\/wp\/v2\/comments?post=534"}],"version-history":[{"count":23,"href":"https:\/\/small-bud.com\/fr\/wp-json\/wp\/v2\/pages\/534\/revisions"}],"predecessor-version":[{"id":2109,"href":"https:\/\/small-bud.com\/fr\/wp-json\/wp\/v2\/pages\/534\/revisions\/2109"}],"wp:attachment":[{"href":"https:\/\/small-bud.com\/fr\/wp-json\/wp\/v2\/media?parent=534"}],"curies":[{"name":"wp","href":"https:\/\/api.w.org\/{rel}","templated":true}]}}