{"id":3,"date":"2026-01-22T19:48:50","date_gmt":"2026-01-22T19:48:50","guid":{"rendered":"https:\/\/smallbud-dfnn76wlap.live-website.com\/?page_id=3"},"modified":"2026-02-18T16:04:49","modified_gmt":"2026-02-18T16:04:49","slug":"politique-confidentialite","status":"publish","type":"page","link":"https:\/\/small-bud.com\/fr\/politique-confidentialite\/","title":{"rendered":"Politique de confidentialit\u00e9"},"content":{"rendered":"\t\t<div data-elementor-type=\"wp-page\" data-elementor-id=\"3\" class=\"elementor elementor-3\">\n\t\t\t\t<div class=\"elementor-element elementor-element-6c68b78d e-flex e-con-boxed e-con e-parent\" data-id=\"6c68b78d\" data-element_type=\"container\" data-e-type=\"container\">\n\t\t\t\t\t<div class=\"e-con-inner\">\n\t\t\t\t<div class=\"elementor-element elementor-element-29961ce6 elementor-widget elementor-widget-text-editor\" data-id=\"29961ce6\" data-element_type=\"widget\" data-e-type=\"widget\" data-widget_type=\"text-editor.default\">\n\t\t\t\t\t\t\t\t\t<h2 data-start=\"4250\" data-end=\"4281\">Politique de confidentialit\u00e9<\/h2><h3 data-start=\"4283\" data-end=\"4310\">1. Donn\u00e9es collect\u00e9es<\/h3><p data-start=\"4311\" data-end=\"4359\">Le site peut collecter les donn\u00e9es suivantes :<\/p><ul data-start=\"4360\" data-end=\"4479\"><li data-start=\"4360\" data-end=\"4377\"><p data-start=\"4362\" data-end=\"4377\">Nom et pr\u00e9nom<\/p><\/li><li data-start=\"4378\" data-end=\"4396\"><p data-start=\"4380\" data-end=\"4396\">Adresse e-mail<\/p><\/li><li data-start=\"4397\" data-end=\"4416\"><p data-start=\"4399\" data-end=\"4416\">Adresse postale<\/p><\/li><li data-start=\"4417\" data-end=\"4445\"><p data-start=\"4419\" data-end=\"4445\">Informations de commande<\/p><\/li><li data-start=\"4446\" data-end=\"4479\"><p data-start=\"4448\" data-end=\"4479\">Donn\u00e9es de navigation (cookies)<\/p><\/li><li data-start=\"4446\" data-end=\"4479\">age<\/li><\/ul><hr data-start=\"4481\" data-end=\"4484\" \/><h3 data-start=\"4486\" data-end=\"4517\">2. Finalit\u00e9 du traitement<\/h3><p data-start=\"4518\" data-end=\"4554\">Les donn\u00e9es sont collect\u00e9es pour :<\/p><ul data-start=\"4555\" data-end=\"4724\"><li data-start=\"4555\" data-end=\"4583\"><p data-start=\"4557\" data-end=\"4583\">la gestion des commandes<\/p><\/li><li data-start=\"4584\" data-end=\"4618\"><p data-start=\"4586\" data-end=\"4618\">la gestion des comptes clients<\/p><\/li><li data-start=\"4619\" data-end=\"4640\"><p data-start=\"4621\" data-end=\"4640\">le service client<\/p><\/li><li data-start=\"4641\" data-end=\"4687\"><p data-start=\"4643\" data-end=\"4687\">l\u2019am\u00e9lioration de l\u2019exp\u00e9rience utilisateur<\/p><\/li><li data-start=\"4688\" data-end=\"4724\"><p data-start=\"4690\" data-end=\"4724\">le respect des obligations l\u00e9gales<\/p><\/li><\/ul><hr data-start=\"4726\" data-end=\"4729\" \/><h3 data-start=\"4731\" data-end=\"4751\">3. Base l\u00e9gale<\/h3><p data-start=\"4752\" data-end=\"4787\">Les traitements sont fond\u00e9s sur :<\/p><ul data-start=\"4788\" data-end=\"4877\"><li data-start=\"4788\" data-end=\"4814\"><p data-start=\"4790\" data-end=\"4814\">l\u2019ex\u00e9cution du contrat<\/p><\/li><li data-start=\"4815\" data-end=\"4851\"><p data-start=\"4817\" data-end=\"4851\">le consentement de l\u2019utilisateur<\/p><\/li><li data-start=\"4852\" data-end=\"4877\"><p data-start=\"4854\" data-end=\"4877\">les obligations l\u00e9gales<\/p><\/li><\/ul><hr data-start=\"4879\" data-end=\"4882\" \/><h3 data-start=\"4884\" data-end=\"4914\">4. Dur\u00e9e de conservation<\/h3><p data-start=\"4915\" data-end=\"5079\">Les donn\u00e9es sont conserv\u00e9es uniquement pendant la dur\u00e9e n\u00e9cessaire aux finalit\u00e9s pour lesquelles elles sont collect\u00e9es, conform\u00e9ment \u00e0 la r\u00e9glementation en vigueur.<\/p><hr data-start=\"5081\" data-end=\"5084\" \/><h3 data-start=\"5086\" data-end=\"5118\">5. Droits des utilisateurs<\/h3><p data-start=\"5119\" data-end=\"5191\">Conform\u00e9ment au RGPD, chaque utilisateur dispose des droits suivants :<\/p><ul data-start=\"5192\" data-end=\"5309\"><li data-start=\"5192\" data-end=\"5209\"><p data-start=\"5194\" data-end=\"5209\">droit d\u2019acc\u00e8s<\/p><\/li><li data-start=\"5210\" data-end=\"5236\"><p data-start=\"5212\" data-end=\"5236\">droit de rectification<\/p><\/li><li data-start=\"5237\" data-end=\"5261\"><p data-start=\"5239\" data-end=\"5261\">droit \u00e0 l\u2019effacement<\/p><\/li><li data-start=\"5262\" data-end=\"5284\"><p data-start=\"5264\" data-end=\"5284\">droit d\u2019opposition<\/p><\/li><li data-start=\"5285\" data-end=\"5309\"><p data-start=\"5287\" data-end=\"5309\">droit \u00e0 la portabilit\u00e9<\/p><\/li><\/ul><p data-start=\"5311\" data-end=\"5386\">Toute demande peut \u00eatre adress\u00e9e par e-mail \u00e0 l\u2019adresse de contact du site.<\/p><hr data-start=\"5388\" data-end=\"5391\" \/><h3 data-start=\"5393\" data-end=\"5409\">6. Cookies<\/h3><p data-start=\"5410\" data-end=\"5590\">Le site utilise des cookies afin d\u2019am\u00e9liorer l\u2019exp\u00e9rience utilisateur et mesurer l\u2019audience.<br data-start=\"5502\" data-end=\"5505\" \/>Le consentement de l\u2019utilisateur est requis avant l\u2019installation de certains cookies.<\/p><hr data-start=\"5592\" data-end=\"5595\" \/><h3 data-start=\"5597\" data-end=\"5614\">7. S\u00e9curit\u00e9<\/h3><p data-start=\"5615\" data-end=\"5742\">Le Vendeur met en \u0153uvre toutes les mesures techniques et organisationnelles n\u00e9cessaires pour prot\u00e9ger les donn\u00e9es personnelles.<\/p>\t\t\t\t\t\t\t\t<\/div>\n\t\t\t\t\t<\/div>\n\t\t\t\t<\/div>\n\t\t\t\t<\/div>\n\t\t","protected":false},"excerpt":{"rendered":"<p>Politique de confidentialit\u00e9 1. Donn\u00e9es collect\u00e9es Le site peut collecter les donn\u00e9es suivantes : Nom et pr\u00e9nom Adresse e-mail Adresse postale Informations de commande Donn\u00e9es de navigation (cookies) age 2. Finalit\u00e9 du traitement Les donn\u00e9es sont collect\u00e9es pour : la gestion des commandes la gestion des comptes clients le service client l\u2019am\u00e9lioration de l\u2019exp\u00e9rience utilisateur [&hellip;]<\/p>\n","protected":false},"author":1,"featured_media":0,"parent":0,"menu_order":0,"comment_status":"closed","ping_status":"closed","template":"","meta":{"footnotes":""},"class_list":["post-3","page","type-page","status-publish","hentry"],"yoast_head":"<!-- This site is optimized with the Yoast SEO plugin v27.5 - https:\/\/yoast.com\/product\/yoast-seo-wordpress\/ -->\n<title>Politique de confidentialit\u00e9 \u2013 Small Bud<\/title>\n<meta name=\"description\" content=\"Politique de confidentialit\u00e9 et protection des donn\u00e9es personnelles sur le site Small Bud, conform\u00e9ment au RGPD.\" \/>\n<meta name=\"robots\" content=\"index, follow, max-snippet:-1, max-image-preview:large, max-video-preview:-1\" \/>\n<link rel=\"canonical\" href=\"https:\/\/small-bud.com\/fr\/politique-confidentialite\/\" \/>\n<meta property=\"og:locale\" content=\"fr_FR\" \/>\n<meta property=\"og:type\" content=\"article\" \/>\n<meta property=\"og:title\" content=\"Politique de confidentialit\u00e9 \u2013 Small Bud\" \/>\n<meta property=\"og:description\" content=\"Politique de confidentialit\u00e9 et protection des donn\u00e9es personnelles sur le site Small Bud, conform\u00e9ment au RGPD.\" \/>\n<meta property=\"og:url\" content=\"https:\/\/small-bud.com\/fr\/politique-confidentialite\/\" \/>\n<meta property=\"og:site_name\" content=\"small bud\" \/>\n<meta property=\"article:modified_time\" content=\"2026-02-18T16:04:49+00:00\" \/>\n<meta name=\"twitter:card\" content=\"summary_large_image\" \/>\n<meta name=\"twitter:label1\" content=\"Dur\u00e9e de lecture estim\u00e9e\" \/>\n\t<meta name=\"twitter:data1\" content=\"1 minute\" \/>\n<script type=\"application\/ld+json\" class=\"yoast-schema-graph\">{\"@context\":\"https:\\\/\\\/schema.org\",\"@graph\":[{\"@type\":\"WebPage\",\"@id\":\"https:\\\/\\\/small-bud.com\\\/fr\\\/politique-confidentialite\\\/\",\"url\":\"https:\\\/\\\/small-bud.com\\\/fr\\\/politique-confidentialite\\\/\",\"name\":\"Politique de confidentialit\u00e9 \u2013 Small Bud\",\"isPartOf\":{\"@id\":\"https:\\\/\\\/small-bud.com\\\/fr\\\/#website\"},\"datePublished\":\"2026-01-22T19:48:50+00:00\",\"dateModified\":\"2026-02-18T16:04:49+00:00\",\"description\":\"Politique de confidentialit\u00e9 et protection des donn\u00e9es personnelles sur le site Small Bud, conform\u00e9ment au RGPD.\",\"breadcrumb\":{\"@id\":\"https:\\\/\\\/small-bud.com\\\/fr\\\/politique-confidentialite\\\/#breadcrumb\"},\"inLanguage\":\"fr-FR\",\"potentialAction\":[{\"@type\":\"ReadAction\",\"target\":[\"https:\\\/\\\/small-bud.com\\\/fr\\\/politique-confidentialite\\\/\"]}]},{\"@type\":\"BreadcrumbList\",\"@id\":\"https:\\\/\\\/small-bud.com\\\/fr\\\/politique-confidentialite\\\/#breadcrumb\",\"itemListElement\":[{\"@type\":\"ListItem\",\"position\":1,\"name\":\"Accueil\",\"item\":\"https:\\\/\\\/small-bud.com\\\/fr\\\/\"},{\"@type\":\"ListItem\",\"position\":2,\"name\":\"Politique de confidentialit\u00e9\"}]},{\"@type\":\"WebSite\",\"@id\":\"https:\\\/\\\/small-bud.com\\\/fr\\\/#website\",\"url\":\"https:\\\/\\\/small-bud.com\\\/fr\\\/\",\"name\":\"small bud\",\"description\":\"Le meilleur endroit pour acheter son CBD\",\"potentialAction\":[{\"@type\":\"SearchAction\",\"target\":{\"@type\":\"EntryPoint\",\"urlTemplate\":\"https:\\\/\\\/small-bud.com\\\/fr\\\/?s={search_term_string}\"},\"query-input\":{\"@type\":\"PropertyValueSpecification\",\"valueRequired\":true,\"valueName\":\"search_term_string\"}}],\"inLanguage\":\"fr-FR\"}]}<\/script>\n<!-- \/ Yoast SEO plugin. -->","yoast_head_json":{"title":"Politique de confidentialit\u00e9 \u2013 Small Bud","description":"Politique de confidentialit\u00e9 et protection des donn\u00e9es personnelles sur le site Small Bud, conform\u00e9ment au RGPD.","robots":{"index":"index","follow":"follow","max-snippet":"max-snippet:-1","max-image-preview":"max-image-preview:large","max-video-preview":"max-video-preview:-1"},"canonical":"https:\/\/small-bud.com\/fr\/politique-confidentialite\/","og_locale":"fr_FR","og_type":"article","og_title":"Politique de confidentialit\u00e9 \u2013 Small Bud","og_description":"Politique de confidentialit\u00e9 et protection des donn\u00e9es personnelles sur le site Small Bud, conform\u00e9ment au RGPD.","og_url":"https:\/\/small-bud.com\/fr\/politique-confidentialite\/","og_site_name":"small bud","article_modified_time":"2026-02-18T16:04:49+00:00","twitter_card":"summary_large_image","twitter_misc":{"Dur\u00e9e de lecture estim\u00e9e":"1 minute"},"schema":{"@context":"https:\/\/schema.org","@graph":[{"@type":"WebPage","@id":"https:\/\/small-bud.com\/fr\/politique-confidentialite\/","url":"https:\/\/small-bud.com\/fr\/politique-confidentialite\/","name":"Politique de confidentialit\u00e9 \u2013 Small Bud","isPartOf":{"@id":"https:\/\/small-bud.com\/fr\/#website"},"datePublished":"2026-01-22T19:48:50+00:00","dateModified":"2026-02-18T16:04:49+00:00","description":"Politique de confidentialit\u00e9 et protection des donn\u00e9es personnelles sur le site Small Bud, conform\u00e9ment au RGPD.","breadcrumb":{"@id":"https:\/\/small-bud.com\/fr\/politique-confidentialite\/#breadcrumb"},"inLanguage":"fr-FR","potentialAction":[{"@type":"ReadAction","target":["https:\/\/small-bud.com\/fr\/politique-confidentialite\/"]}]},{"@type":"BreadcrumbList","@id":"https:\/\/small-bud.com\/fr\/politique-confidentialite\/#breadcrumb","itemListElement":[{"@type":"ListItem","position":1,"name":"Accueil","item":"https:\/\/small-bud.com\/fr\/"},{"@type":"ListItem","position":2,"name":"Politique de confidentialit\u00e9"}]},{"@type":"WebSite","@id":"https:\/\/small-bud.com\/fr\/#website","url":"https:\/\/small-bud.com\/fr\/","name":"small bud","description":"Le meilleur endroit pour acheter son CBD","potentialAction":[{"@type":"SearchAction","target":{"@type":"EntryPoint","urlTemplate":"https:\/\/small-bud.com\/fr\/?s={search_term_string}"},"query-input":{"@type":"PropertyValueSpecification","valueRequired":true,"valueName":"search_term_string"}}],"inLanguage":"fr-FR"}]}},"_links":{"self":[{"href":"https:\/\/small-bud.com\/fr\/wp-json\/wp\/v2\/pages\/3","targetHints":{"allow":["GET"]}}],"collection":[{"href":"https:\/\/small-bud.com\/fr\/wp-json\/wp\/v2\/pages"}],"about":[{"href":"https:\/\/small-bud.com\/fr\/wp-json\/wp\/v2\/types\/page"}],"author":[{"embeddable":true,"href":"https:\/\/small-bud.com\/fr\/wp-json\/wp\/v2\/users\/1"}],"replies":[{"embeddable":true,"href":"https:\/\/small-bud.com\/fr\/wp-json\/wp\/v2\/comments?post=3"}],"version-history":[{"count":11,"href":"https:\/\/small-bud.com\/fr\/wp-json\/wp\/v2\/pages\/3\/revisions"}],"predecessor-version":[{"id":2125,"href":"https:\/\/small-bud.com\/fr\/wp-json\/wp\/v2\/pages\/3\/revisions\/2125"}],"wp:attachment":[{"href":"https:\/\/small-bud.com\/fr\/wp-json\/wp\/v2\/media?parent=3"}],"curies":[{"name":"wp","href":"https:\/\/api.w.org\/{rel}","templated":true}]}}