{"id":1433,"date":"2026-01-27T18:06:45","date_gmt":"2026-01-27T18:06:45","guid":{"rendered":"https:\/\/small-bud.com\/aviso-legal\/"},"modified":"2026-04-09T20:42:00","modified_gmt":"2026-04-09T20:42:00","slug":"aviso-legal","status":"publish","type":"page","link":"https:\/\/small-bud.com\/es\/aviso-legal\/","title":{"rendered":"Aviso legal"},"content":{"rendered":"\t\t<div data-elementor-type=\"wp-page\" data-elementor-id=\"1433\" class=\"elementor elementor-1433 elementor-534\">\n\t\t\t\t<div class=\"elementor-element elementor-element-5c1ab351 e-flex e-con-boxed e-con e-parent\" data-id=\"5c1ab351\" data-element_type=\"container\" data-e-type=\"container\">\n\t\t\t\t\t<div class=\"e-con-inner\">\n\t\t\t\t<div class=\"elementor-element elementor-element-23cedf7f elementor-widget elementor-widget-text-editor\" data-id=\"23cedf7f\" data-element_type=\"widget\" data-e-type=\"widget\" data-widget_type=\"text-editor.default\">\n\t\t\t\t\t\t\t\t\t<h1>Aviso legal<\/h1><p>De conformidad con las disposiciones de la ley n.\u00ba 2004-575 de 21 de junio de 2004 para la confianza<br>en la econom\u00eda digital (LCEN), se precisa a los usuarios del sitio<br>la identidad de los diferentes intervinientes en el marco de su realizaci\u00f3n y seguimiento.<\/p><h2>Editor del sitio<\/h2><p><strong>Nombre:<\/strong> Arnaud La Rocca<br><strong>Estatus:<\/strong> Empresa Individual<br><strong>Direcci\u00f3n:<\/strong> 501 Rue Claudius Camail, 83340 Le Thoronet, Francia<br><strong>SIRET:<\/strong> 10085735800012 <strong>N\u00famero de IVA:<\/strong> FR83100857358 <strong>N.\u00ba RCS<\/strong><br>100 857 358 Draguignan<br><strong>Direcci\u00f3n de correo electr\u00f3nico:<\/strong> contact@small-bud.com<br><strong>N\u00famero de tel\u00e9fono:<\/strong> 06 09 52 54 38<\/p><h2>Director de la publicaci\u00f3n<\/h2><p>Arnaud La Rocca<\/p><h2>Alojamiento web<\/h2><p>El sitio est\u00e1 alojado por:<br><strong>IONOS<\/strong><br>7 place de la Gare<br>57200 Sarreguemines<br>Francia<br>Sitio web: <a href=\"https:\/\/www.ionos.fr\" target=\"_blank\" rel=\"noopener noreferrer\">ionos.fr<\/a><\/p><h2>Propiedad intelectual<\/h2><p>El conjunto de contenidos presentes en este sitio, incluyendo especialmente los textos,<br>im\u00e1genes, logotipos, gr\u00e1ficos y la estructura del sitio,<br>est\u00e1 protegido por el derecho de propiedad intelectual.<\/p><p>Queda estrictamente prohibida cualquier reproducci\u00f3n, representaci\u00f3n, modificaci\u00f3n o explotaci\u00f3n,<br>total o parcial, sin autorizaci\u00f3n previa por escrito del editor.<br><\/p><h2>Responsabilidad<\/h2><p>El editor del sitio se esfuerza por proporcionar informaci\u00f3n lo m\u00e1s precisa posible.<br>No obstante, no podr\u00e1 ser considerado responsable de las omisiones,<br>inexactitudes o carencias en la actualizaci\u00f3n de la informaci\u00f3n,<br>ya sean por su parte o por parte de terceros colaboradores.<\/p><h2>Legalidad del CBD en Francia y en Europa<\/h2><p>El cannabidiol (CBD) es una mol\u00e9cula naturalmente presente en la planta de c\u00e1\u00f1amo.<br>En Francia y en el seno de la Uni\u00f3n Europea, la comercializaci\u00f3n de productos a base de CBD<br>est\u00e1 autorizada siempre que se respete estrictamente la normativa vigente.<\/p><p>Los productos ofrecidos deben contener especialmente una tasa de THC<br>inferior o igual al 0,3%, conforme a los umbrales definidos por la legislaci\u00f3n europea.<br>Estas normas tienen como objetivo regular la puesta en el mercado y garantizar la conformidad de los productos.<\/p><h2>Marco reglamentario aplicable a los productos de CBD<\/h2><p>Los productos a base de CBD deben proceder de variedades de c\u00e1\u00f1amo autorizadas<br>y respetar las normas impuestas por las autoridades competentes.<br>La conformidad se basa en varios criterios,<br>como el origen de las materias primas y el respeto de los umbrales legales.<\/p><p>La informaci\u00f3n comunicada sobre los productos se proporciona con car\u00e1cter informativo<br>y no constituye ni un consejo m\u00e9dico ni una promesa de efecto.<\/p><h2>Consumo y uso: responsabilidad del consumidor<\/h2><p>El consumo de productos a base de CBD es responsabilidad individual<br>del consumidor. Corresponde a cada uno informarse sobre la normativa aplicable<br>y respetar los usos autorizados en su pa\u00eds de residencia. <\/p><p>Los productos ofrecidos no est\u00e1n destinados a un uso m\u00e9dico<br>y no sustituyen en ning\u00fan caso un tratamiento prescrito por un profesional de la salud.<\/p><h2>Restricciones y precauciones de uso<\/h2><p>Los productos que contienen CBD est\u00e1n estrictamente reservados a un p\u00fablico mayor de edad.<br>No deben ser utilizados en ning\u00fan caso por menores.<\/p><p>En caso de duda o situaci\u00f3n particular,<br>se recomienda solicitar el consejo de un profesional cualificado.<br>Tambi\u00e9n se aconseja informarse sobre las normas vigentes<br>antes de cualquier desplazamiento al extranjero,<br>ya que las legislaciones pueden variar de un pa\u00eds a otro dentro de la Uni\u00f3n Europea.<\/p><h2>Posibles evoluciones de la normativa<\/h2><p>La normativa relativa al CBD es susceptible de evolucionar.<br>Los marcos legales e interpretaciones jur\u00eddicas pueden ser modificados<br>en funci\u00f3n de las decisiones nacionales o europeas.<\/p><p>Se invita a los consumidores a mantenerse informados de las evoluciones legislativas<br>con el fin de garantizar un uso conforme, responsable y respetuoso con la ley.<\/p>\t\t\t\t\t\t\t\t<\/div>\n\t\t\t\t\t<\/div>\n\t\t\t\t<\/div>\n\t\t\t\t<\/div>\n\t\t","protected":false},"excerpt":{"rendered":"<p>Aviso legal De conformidad con las disposiciones de la ley n.\u00ba 2004-575 de 21 de junio de 2004 para la confianzaen la econom\u00eda digital (LCEN), se precisa a los usuarios del sitiola identidad de los diferentes intervinientes en el marco de su realizaci\u00f3n y seguimiento. Editor del sitio Nombre: Arnaud La RoccaEstatus: Empresa IndividualDirecci\u00f3n: 501 [&hellip;]<\/p>\n","protected":false},"author":1,"featured_media":0,"parent":0,"menu_order":0,"comment_status":"closed","ping_status":"closed","template":"","meta":{"footnotes":""},"class_list":["post-1433","page","type-page","status-publish","hentry"],"yoast_head":"<!-- This site is optimized with the Yoast SEO plugin v27.4 - https:\/\/yoast.com\/product\/yoast-seo-wordpress\/ -->\n<title>Aviso legal \u2013 Small Bud<\/title>\n<meta name=\"description\" content=\"Aviso legal e informaci\u00f3n legal del sitio Small Bud, tienda online especializada en la venta de small buds CBD.\" \/>\n<meta name=\"robots\" content=\"index, follow, max-snippet:-1, max-image-preview:large, max-video-preview:-1\" \/>\n<link rel=\"canonical\" href=\"https:\/\/small-bud.com\/es\/aviso-legal\/\" \/>\n<meta property=\"og:locale\" content=\"es_ES\" \/>\n<meta property=\"og:type\" content=\"article\" \/>\n<meta property=\"og:title\" content=\"Aviso legal \u2013 Small Bud\" \/>\n<meta property=\"og:description\" content=\"Aviso legal e informaci\u00f3n legal del sitio Small Bud, tienda online especializada en la venta de small buds CBD.\" \/>\n<meta property=\"og:url\" content=\"https:\/\/small-bud.com\/es\/aviso-legal\/\" \/>\n<meta property=\"og:site_name\" content=\"small bud\" \/>\n<meta property=\"article:modified_time\" content=\"2026-04-09T20:42:00+00:00\" \/>\n<meta name=\"twitter:card\" content=\"summary_large_image\" \/>\n<meta name=\"twitter:label1\" content=\"Tiempo de lectura\" \/>\n\t<meta name=\"twitter:data1\" content=\"3 minuto\" \/>\n<script type=\"application\/ld+json\" class=\"yoast-schema-graph\">{\"@context\":\"https:\\\/\\\/schema.org\",\"@graph\":[{\"@type\":\"WebPage\",\"@id\":\"https:\\\/\\\/small-bud.com\\\/es\\\/aviso-legal\\\/\",\"url\":\"https:\\\/\\\/small-bud.com\\\/es\\\/aviso-legal\\\/\",\"name\":\"Aviso legal \u2013 Small Bud\",\"isPartOf\":{\"@id\":\"https:\\\/\\\/small-bud.com\\\/es\\\/#website\"},\"datePublished\":\"2026-01-27T18:06:45+00:00\",\"dateModified\":\"2026-04-09T20:42:00+00:00\",\"description\":\"Aviso legal e informaci\u00f3n legal del sitio Small Bud, tienda online especializada en la venta de small buds CBD.\",\"breadcrumb\":{\"@id\":\"https:\\\/\\\/small-bud.com\\\/es\\\/aviso-legal\\\/#breadcrumb\"},\"inLanguage\":\"es\",\"potentialAction\":[{\"@type\":\"ReadAction\",\"target\":[\"https:\\\/\\\/small-bud.com\\\/es\\\/aviso-legal\\\/\"]}]},{\"@type\":\"BreadcrumbList\",\"@id\":\"https:\\\/\\\/small-bud.com\\\/es\\\/aviso-legal\\\/#breadcrumb\",\"itemListElement\":[{\"@type\":\"ListItem\",\"position\":1,\"name\":\"Accueil\",\"item\":\"https:\\\/\\\/small-bud.com\\\/es\\\/\"},{\"@type\":\"ListItem\",\"position\":2,\"name\":\"Aviso legal\"}]},{\"@type\":\"WebSite\",\"@id\":\"https:\\\/\\\/small-bud.com\\\/es\\\/#website\",\"url\":\"https:\\\/\\\/small-bud.com\\\/es\\\/\",\"name\":\"small bud\",\"description\":\"Le meilleur endroit pour acheter son CBD\",\"potentialAction\":[{\"@type\":\"SearchAction\",\"target\":{\"@type\":\"EntryPoint\",\"urlTemplate\":\"https:\\\/\\\/small-bud.com\\\/es\\\/?s={search_term_string}\"},\"query-input\":{\"@type\":\"PropertyValueSpecification\",\"valueRequired\":true,\"valueName\":\"search_term_string\"}}],\"inLanguage\":\"es\"}]}<\/script>\n<!-- \/ Yoast SEO plugin. -->","yoast_head_json":{"title":"Aviso legal \u2013 Small Bud","description":"Aviso legal e informaci\u00f3n legal del sitio Small Bud, tienda online especializada en la venta de small buds CBD.","robots":{"index":"index","follow":"follow","max-snippet":"max-snippet:-1","max-image-preview":"max-image-preview:large","max-video-preview":"max-video-preview:-1"},"canonical":"https:\/\/small-bud.com\/es\/aviso-legal\/","og_locale":"es_ES","og_type":"article","og_title":"Aviso legal \u2013 Small Bud","og_description":"Aviso legal e informaci\u00f3n legal del sitio Small Bud, tienda online especializada en la venta de small buds CBD.","og_url":"https:\/\/small-bud.com\/es\/aviso-legal\/","og_site_name":"small bud","article_modified_time":"2026-04-09T20:42:00+00:00","twitter_card":"summary_large_image","twitter_misc":{"Tiempo de lectura":"3 minuto"},"schema":{"@context":"https:\/\/schema.org","@graph":[{"@type":"WebPage","@id":"https:\/\/small-bud.com\/es\/aviso-legal\/","url":"https:\/\/small-bud.com\/es\/aviso-legal\/","name":"Aviso legal \u2013 Small Bud","isPartOf":{"@id":"https:\/\/small-bud.com\/es\/#website"},"datePublished":"2026-01-27T18:06:45+00:00","dateModified":"2026-04-09T20:42:00+00:00","description":"Aviso legal e informaci\u00f3n legal del sitio Small Bud, tienda online especializada en la venta de small buds CBD.","breadcrumb":{"@id":"https:\/\/small-bud.com\/es\/aviso-legal\/#breadcrumb"},"inLanguage":"es","potentialAction":[{"@type":"ReadAction","target":["https:\/\/small-bud.com\/es\/aviso-legal\/"]}]},{"@type":"BreadcrumbList","@id":"https:\/\/small-bud.com\/es\/aviso-legal\/#breadcrumb","itemListElement":[{"@type":"ListItem","position":1,"name":"Accueil","item":"https:\/\/small-bud.com\/es\/"},{"@type":"ListItem","position":2,"name":"Aviso legal"}]},{"@type":"WebSite","@id":"https:\/\/small-bud.com\/es\/#website","url":"https:\/\/small-bud.com\/es\/","name":"small bud","description":"Le meilleur endroit pour acheter son CBD","potentialAction":[{"@type":"SearchAction","target":{"@type":"EntryPoint","urlTemplate":"https:\/\/small-bud.com\/es\/?s={search_term_string}"},"query-input":{"@type":"PropertyValueSpecification","valueRequired":true,"valueName":"search_term_string"}}],"inLanguage":"es"}]}},"_links":{"self":[{"href":"https:\/\/small-bud.com\/es\/wp-json\/wp\/v2\/pages\/1433","targetHints":{"allow":["GET"]}}],"collection":[{"href":"https:\/\/small-bud.com\/es\/wp-json\/wp\/v2\/pages"}],"about":[{"href":"https:\/\/small-bud.com\/es\/wp-json\/wp\/v2\/types\/page"}],"author":[{"embeddable":true,"href":"https:\/\/small-bud.com\/es\/wp-json\/wp\/v2\/users\/1"}],"replies":[{"embeddable":true,"href":"https:\/\/small-bud.com\/es\/wp-json\/wp\/v2\/comments?post=1433"}],"version-history":[{"count":2,"href":"https:\/\/small-bud.com\/es\/wp-json\/wp\/v2\/pages\/1433\/revisions"}],"predecessor-version":[{"id":1435,"href":"https:\/\/small-bud.com\/es\/wp-json\/wp\/v2\/pages\/1433\/revisions\/1435"}],"wp:attachment":[{"href":"https:\/\/small-bud.com\/es\/wp-json\/wp\/v2\/media?parent=1433"}],"curies":[{"name":"wp","href":"https:\/\/api.w.org\/{rel}","templated":true}]}}