{"id":1409,"date":"2026-01-22T19:48:50","date_gmt":"2026-01-22T19:48:50","guid":{"rendered":"https:\/\/small-bud.com\/politica-de-privacidad\/"},"modified":"2026-04-09T20:42:01","modified_gmt":"2026-04-09T20:42:01","slug":"politica-de-privacidad","status":"publish","type":"page","link":"https:\/\/small-bud.com\/es\/politica-de-privacidad\/","title":{"rendered":"Pol\u00edtica de privacidad"},"content":{"rendered":"\t\t<div data-elementor-type=\"wp-page\" data-elementor-id=\"1409\" class=\"elementor elementor-1409 elementor-3\">\n\t\t\t\t<div class=\"elementor-element elementor-element-6c68b78d e-flex e-con-boxed e-con e-parent\" data-id=\"6c68b78d\" data-element_type=\"container\" data-e-type=\"container\">\n\t\t\t\t\t<div class=\"e-con-inner\">\n\t\t\t\t<div class=\"elementor-element elementor-element-29961ce6 elementor-widget elementor-widget-text-editor\" data-id=\"29961ce6\" data-element_type=\"widget\" data-e-type=\"widget\" data-widget_type=\"text-editor.default\">\n\t\t\t\t\t\t\t\t\t<h2 data-start=\"4250\" data-end=\"4281\">Pol\u00edtica de privacidad<\/h2><h3 data-start=\"4283\" data-end=\"4310\">1. Datos recopilados<\/h3><p data-start=\"4311\" data-end=\"4359\">El sitio puede recopilar los siguientes datos:<\/p><ul data-start=\"4360\" data-end=\"4479\"><li data-start=\"4360\" data-end=\"4377\"><p data-start=\"4362\" data-end=\"4377\">Nombre y apellidos<\/p><\/li><li data-start=\"4378\" data-end=\"4396\"><p data-start=\"4380\" data-end=\"4396\">Direcci\u00f3n de correo electr\u00f3nico<\/p><\/li><li data-start=\"4397\" data-end=\"4416\"><p data-start=\"4399\" data-end=\"4416\">Direcci\u00f3n postal<\/p><\/li><li data-start=\"4417\" data-end=\"4445\"><p data-start=\"4419\" data-end=\"4445\">Informaci\u00f3n de pedidos<\/p><\/li><li data-start=\"4446\" data-end=\"4479\"><p data-start=\"4448\" data-end=\"4479\">Datos de navegaci\u00f3n (cookies)<\/p><\/li><li data-start=\"4446\" data-end=\"4479\">edad<\/li><\/ul><hr data-start=\"4481\" data-end=\"4484\"><h3 data-start=\"4486\" data-end=\"4517\">2. Finalidad del tratamiento<\/h3><p data-start=\"4518\" data-end=\"4554\">Los datos se recopilan para:<\/p><ul data-start=\"4555\" data-end=\"4724\"><li data-start=\"4555\" data-end=\"4583\"><p data-start=\"4557\" data-end=\"4583\">la gesti\u00f3n de pedidos<\/p><\/li><li data-start=\"4584\" data-end=\"4618\"><p data-start=\"4586\" data-end=\"4618\">la gesti\u00f3n de cuentas de clientes<\/p><\/li><li data-start=\"4619\" data-end=\"4640\"><p data-start=\"4621\" data-end=\"4640\">el servicio de atenci\u00f3n al cliente<\/p><\/li><li data-start=\"4641\" data-end=\"4687\"><p data-start=\"4643\" data-end=\"4687\">la mejora de la experiencia del usuario<\/p><\/li><li data-start=\"4688\" data-end=\"4724\"><p data-start=\"4690\" data-end=\"4724\">el cumplimiento de las obligaciones legales<\/p><\/li><\/ul><hr data-start=\"4726\" data-end=\"4729\"><h3 data-start=\"4731\" data-end=\"4751\">3. Base legal<\/h3><p data-start=\"4752\" data-end=\"4787\">Los tratamientos se basan en:<\/p><ul data-start=\"4788\" data-end=\"4877\"><li data-start=\"4788\" data-end=\"4814\"><p data-start=\"4790\" data-end=\"4814\">la ejecuci\u00f3n del contrato<\/p><\/li><li data-start=\"4815\" data-end=\"4851\"><p data-start=\"4817\" data-end=\"4851\">el consentimiento del usuario<\/p><\/li><li data-start=\"4852\" data-end=\"4877\"><p data-start=\"4854\" data-end=\"4877\">las obligaciones legales<\/p><\/li><\/ul><hr data-start=\"4879\" data-end=\"4882\"><h3 data-start=\"4884\" data-end=\"4914\">4. Per\u00edodo de conservaci\u00f3n<\/h3><p data-start=\"4915\" data-end=\"5079\">Los datos se conservan \u00fanicamente durante el tiempo necesario para las finalidades para las que se recopilan, conforme a la normativa vigente.<\/p><hr data-start=\"5081\" data-end=\"5084\"><h3 data-start=\"5086\" data-end=\"5118\">5. Derechos de los usuarios<\/h3><p data-start=\"5119\" data-end=\"5191\">Conforme al RGPD, cada usuario dispone de los siguientes derechos:<\/p><ul data-start=\"5192\" data-end=\"5309\"><li data-start=\"5192\" data-end=\"5209\"><p data-start=\"5194\" data-end=\"5209\">derecho de acceso<\/p><\/li><li data-start=\"5210\" data-end=\"5236\"><p data-start=\"5212\" data-end=\"5236\">derecho de rectificaci\u00f3n<\/p><\/li><li data-start=\"5237\" data-end=\"5261\"><p data-start=\"5239\" data-end=\"5261\">derecho de supresi\u00f3n<\/p><\/li><li data-start=\"5262\" data-end=\"5284\"><p data-start=\"5264\" data-end=\"5284\">derecho de oposici\u00f3n<\/p><\/li><li data-start=\"5285\" data-end=\"5309\"><p data-start=\"5287\" data-end=\"5309\">derecho a la portabilidad<\/p><\/li><\/ul><p data-start=\"5311\" data-end=\"5386\">Cualquier solicitud puede enviarse por correo electr\u00f3nico a la direcci\u00f3n de contacto del sitio.<\/p><hr data-start=\"5388\" data-end=\"5391\"><h3 data-start=\"5393\" data-end=\"5409\">6. Cookies<\/h3><p data-start=\"5410\" data-end=\"5590\">El sitio utiliza cookies para mejorar la experiencia del usuario y medir la audiencia.<br data-start=\"5502\" data-end=\"5505\">Se requiere el consentimiento del usuario antes de la instalaci\u00f3n de determinadas cookies.<\/p><hr data-start=\"5592\" data-end=\"5595\"><h3 data-start=\"5597\" data-end=\"5614\">7. Seguridad<\/h3><p data-start=\"5615\" data-end=\"5742\">El Vendedor implementa todas las medidas t\u00e9cnicas y organizativas necesarias para proteger los datos personales.<\/p>\t\t\t\t\t\t\t\t<\/div>\n\t\t\t\t\t<\/div>\n\t\t\t\t<\/div>\n\t\t\t\t<\/div>\n\t\t","protected":false},"excerpt":{"rendered":"<p>Pol\u00edtica de privacidad 1. Datos recopilados El sitio puede recopilar los siguientes datos: Nombre y apellidos Direcci\u00f3n de correo electr\u00f3nico Direcci\u00f3n postal Informaci\u00f3n de pedidos Datos de navegaci\u00f3n (cookies) edad 2. Finalidad del tratamiento Los datos se recopilan para: la gesti\u00f3n de pedidos la gesti\u00f3n de cuentas de clientes el servicio de atenci\u00f3n al cliente [&hellip;]<\/p>\n","protected":false},"author":1,"featured_media":0,"parent":0,"menu_order":0,"comment_status":"closed","ping_status":"closed","template":"","meta":{"footnotes":""},"class_list":["post-1409","page","type-page","status-publish","hentry"],"yoast_head":"<!-- This site is optimized with the Yoast SEO plugin v27.4 - https:\/\/yoast.com\/product\/yoast-seo-wordpress\/ -->\n<title>Pol\u00edtica de privacidad \u2013 Small Bud<\/title>\n<meta name=\"description\" content=\"Pol\u00edtica de privacidad y protecci\u00f3n de datos personales en el sitio Small Bud, conforme al RGPD.\" \/>\n<meta name=\"robots\" content=\"index, follow, max-snippet:-1, max-image-preview:large, max-video-preview:-1\" \/>\n<link rel=\"canonical\" href=\"https:\/\/small-bud.com\/es\/politica-de-privacidad\/\" \/>\n<meta property=\"og:locale\" content=\"es_ES\" \/>\n<meta property=\"og:type\" content=\"article\" \/>\n<meta property=\"og:title\" content=\"Pol\u00edtica de privacidad \u2013 Small Bud\" \/>\n<meta property=\"og:description\" content=\"Pol\u00edtica de privacidad y protecci\u00f3n de datos personales en el sitio Small Bud, conforme al RGPD.\" \/>\n<meta property=\"og:url\" content=\"https:\/\/small-bud.com\/es\/politica-de-privacidad\/\" \/>\n<meta property=\"og:site_name\" content=\"small bud\" \/>\n<meta property=\"article:modified_time\" content=\"2026-04-09T20:42:01+00:00\" \/>\n<meta name=\"twitter:card\" content=\"summary_large_image\" \/>\n<meta name=\"twitter:label1\" content=\"Tiempo de lectura\" \/>\n\t<meta name=\"twitter:data1\" content=\"1 minuto\" \/>\n<script type=\"application\/ld+json\" class=\"yoast-schema-graph\">{\"@context\":\"https:\\\/\\\/schema.org\",\"@graph\":[{\"@type\":\"WebPage\",\"@id\":\"https:\\\/\\\/small-bud.com\\\/es\\\/politica-de-privacidad\\\/\",\"url\":\"https:\\\/\\\/small-bud.com\\\/es\\\/politica-de-privacidad\\\/\",\"name\":\"Pol\u00edtica de privacidad \u2013 Small Bud\",\"isPartOf\":{\"@id\":\"https:\\\/\\\/small-bud.com\\\/es\\\/#website\"},\"datePublished\":\"2026-01-22T19:48:50+00:00\",\"dateModified\":\"2026-04-09T20:42:01+00:00\",\"description\":\"Pol\u00edtica de privacidad y protecci\u00f3n de datos personales en el sitio Small Bud, conforme al RGPD.\",\"breadcrumb\":{\"@id\":\"https:\\\/\\\/small-bud.com\\\/es\\\/politica-de-privacidad\\\/#breadcrumb\"},\"inLanguage\":\"es\",\"potentialAction\":[{\"@type\":\"ReadAction\",\"target\":[\"https:\\\/\\\/small-bud.com\\\/es\\\/politica-de-privacidad\\\/\"]}]},{\"@type\":\"BreadcrumbList\",\"@id\":\"https:\\\/\\\/small-bud.com\\\/es\\\/politica-de-privacidad\\\/#breadcrumb\",\"itemListElement\":[{\"@type\":\"ListItem\",\"position\":1,\"name\":\"Accueil\",\"item\":\"https:\\\/\\\/small-bud.com\\\/es\\\/\"},{\"@type\":\"ListItem\",\"position\":2,\"name\":\"Pol\u00edtica de privacidad\"}]},{\"@type\":\"WebSite\",\"@id\":\"https:\\\/\\\/small-bud.com\\\/es\\\/#website\",\"url\":\"https:\\\/\\\/small-bud.com\\\/es\\\/\",\"name\":\"small bud\",\"description\":\"Le meilleur endroit pour acheter son CBD\",\"potentialAction\":[{\"@type\":\"SearchAction\",\"target\":{\"@type\":\"EntryPoint\",\"urlTemplate\":\"https:\\\/\\\/small-bud.com\\\/es\\\/?s={search_term_string}\"},\"query-input\":{\"@type\":\"PropertyValueSpecification\",\"valueRequired\":true,\"valueName\":\"search_term_string\"}}],\"inLanguage\":\"es\"}]}<\/script>\n<!-- \/ Yoast SEO plugin. -->","yoast_head_json":{"title":"Pol\u00edtica de privacidad \u2013 Small Bud","description":"Pol\u00edtica de privacidad y protecci\u00f3n de datos personales en el sitio Small Bud, conforme al RGPD.","robots":{"index":"index","follow":"follow","max-snippet":"max-snippet:-1","max-image-preview":"max-image-preview:large","max-video-preview":"max-video-preview:-1"},"canonical":"https:\/\/small-bud.com\/es\/politica-de-privacidad\/","og_locale":"es_ES","og_type":"article","og_title":"Pol\u00edtica de privacidad \u2013 Small Bud","og_description":"Pol\u00edtica de privacidad y protecci\u00f3n de datos personales en el sitio Small Bud, conforme al RGPD.","og_url":"https:\/\/small-bud.com\/es\/politica-de-privacidad\/","og_site_name":"small bud","article_modified_time":"2026-04-09T20:42:01+00:00","twitter_card":"summary_large_image","twitter_misc":{"Tiempo de lectura":"1 minuto"},"schema":{"@context":"https:\/\/schema.org","@graph":[{"@type":"WebPage","@id":"https:\/\/small-bud.com\/es\/politica-de-privacidad\/","url":"https:\/\/small-bud.com\/es\/politica-de-privacidad\/","name":"Pol\u00edtica de privacidad \u2013 Small Bud","isPartOf":{"@id":"https:\/\/small-bud.com\/es\/#website"},"datePublished":"2026-01-22T19:48:50+00:00","dateModified":"2026-04-09T20:42:01+00:00","description":"Pol\u00edtica de privacidad y protecci\u00f3n de datos personales en el sitio Small Bud, conforme al RGPD.","breadcrumb":{"@id":"https:\/\/small-bud.com\/es\/politica-de-privacidad\/#breadcrumb"},"inLanguage":"es","potentialAction":[{"@type":"ReadAction","target":["https:\/\/small-bud.com\/es\/politica-de-privacidad\/"]}]},{"@type":"BreadcrumbList","@id":"https:\/\/small-bud.com\/es\/politica-de-privacidad\/#breadcrumb","itemListElement":[{"@type":"ListItem","position":1,"name":"Accueil","item":"https:\/\/small-bud.com\/es\/"},{"@type":"ListItem","position":2,"name":"Pol\u00edtica de privacidad"}]},{"@type":"WebSite","@id":"https:\/\/small-bud.com\/es\/#website","url":"https:\/\/small-bud.com\/es\/","name":"small bud","description":"Le meilleur endroit pour acheter son CBD","potentialAction":[{"@type":"SearchAction","target":{"@type":"EntryPoint","urlTemplate":"https:\/\/small-bud.com\/es\/?s={search_term_string}"},"query-input":{"@type":"PropertyValueSpecification","valueRequired":true,"valueName":"search_term_string"}}],"inLanguage":"es"}]}},"_links":{"self":[{"href":"https:\/\/small-bud.com\/es\/wp-json\/wp\/v2\/pages\/1409","targetHints":{"allow":["GET"]}}],"collection":[{"href":"https:\/\/small-bud.com\/es\/wp-json\/wp\/v2\/pages"}],"about":[{"href":"https:\/\/small-bud.com\/es\/wp-json\/wp\/v2\/types\/page"}],"author":[{"embeddable":true,"href":"https:\/\/small-bud.com\/es\/wp-json\/wp\/v2\/users\/1"}],"replies":[{"embeddable":true,"href":"https:\/\/small-bud.com\/es\/wp-json\/wp\/v2\/comments?post=1409"}],"version-history":[{"count":2,"href":"https:\/\/small-bud.com\/es\/wp-json\/wp\/v2\/pages\/1409\/revisions"}],"predecessor-version":[{"id":1411,"href":"https:\/\/small-bud.com\/es\/wp-json\/wp\/v2\/pages\/1409\/revisions\/1411"}],"wp:attachment":[{"href":"https:\/\/small-bud.com\/es\/wp-json\/wp\/v2\/media?parent=1409"}],"curies":[{"name":"wp","href":"https:\/\/api.w.org\/{rel}","templated":true}]}}