{"id":2128,"date":"2026-01-22T19:48:50","date_gmt":"2026-01-22T19:48:50","guid":{"rendered":"https:\/\/small-bud.com\/politique-de-confidentialite\/"},"modified":"2026-04-16T00:53:52","modified_gmt":"2026-04-16T00:53:52","slug":"politique-de-confidentialite","status":"publish","type":"page","link":"https:\/\/small-bud.com\/de\/politique-de-confidentialite\/","title":{"rendered":"Politique de confidentialit\u00e9"},"content":{"rendered":"\t\t<div data-elementor-type=\"wp-page\" data-elementor-id=\"2128\" class=\"elementor elementor-2128 elementor-3\">\n\t\t\t\t<div class=\"elementor-element elementor-element-6c68b78d e-flex e-con-boxed e-con e-parent\" data-id=\"6c68b78d\" data-element_type=\"container\" data-e-type=\"container\">\n\t\t\t\t\t<div class=\"e-con-inner\">\n\t\t\t\t<div class=\"elementor-element elementor-element-29961ce6 elementor-widget elementor-widget-text-editor\" data-id=\"29961ce6\" data-element_type=\"widget\" data-e-type=\"widget\" data-widget_type=\"text-editor.default\">\n\t\t\t\t\t\t\t\t\t<h2>Datenschutzerkl\u00e4rung<\/h2>\n\n<h3>1. Erhobene Daten<\/h3>\n<p>Die Website kann folgende Daten erfassen :<\/p>\n<ul>\n  <li>Vor- und Nachname<\/li>\n  <li>E-Mail-Adresse<\/li>\n  <li>Postanschrift<\/li>\n  <li>Bestellinformationen<\/li>\n  <li>Nutzungsdaten (Cookies)<\/li>\n  <li>Alter<\/li>\n<\/ul>\n\n<hr>\n\n<h3>2. Zweck der Verarbeitung<\/h3>\n<p>Die Daten werden erhoben f\u00fcr :<\/p>\n<ul>\n  <li>Bestellabwicklung<\/li>\n  <li>Kundenkontoverwaltung<\/li>\n  <li>Kundensupport<\/li>\n  <li>Verbesserung der Nutzererfahrung<\/li>\n  <li>Einhaltung gesetzlicher Verpflichtungen<\/li>\n<\/ul>\n\n<hr>\n\n<h3>3. Rechtsgrundlage<\/h3>\n<p>Die Verarbeitung basiert auf :<\/p>\n<ul>\n  <li>Vertragserf\u00fcllung<\/li>\n  <li>Einwilligung des Nutzers<\/li>\n  <li>gesetzlichen Verpflichtungen<\/li>\n<\/ul>\n\n<hr>\n\n<h3>4. Speicherdauer<\/h3>\n<p>Die Daten werden nur so lange gespeichert, wie es f\u00fcr die jeweiligen Zwecke erforderlich ist.<\/p>\n\n<hr>\n\n<h3>5. Rechte der Nutzer<\/h3>\n<p>Gem\u00e4\u00df DSGVO haben Nutzer folgende Rechte :<\/p>\n<ul>\n  <li>Auskunftsrecht<\/li>\n  <li>Berichtigungsrecht<\/li>\n  <li>L\u00f6schungsrecht<\/li>\n  <li>Widerspruchsrecht<\/li>\n  <li>Recht auf Daten\u00fcbertragbarkeit<\/li>\n<\/ul>\n<p>Anfragen k\u00f6nnen per E-Mail gestellt werden.<\/p>\n\n<hr>\n\n<h3>6. Cookies<\/h3>\n<p>Die Website verwendet Cookies zur Verbesserung der Benutzererfahrung und zur Analyse. Zustimmung ist erforderlich.<\/p>\n\n<hr>\n\n<h3>7. Sicherheit<\/h3>\n<p>Es werden alle notwendigen Ma\u00dfnahmen zum Schutz personenbezogener Daten getroffen.<\/p>\t\t\t\t\t\t\t\t<\/div>\n\t\t\t\t\t<\/div>\n\t\t\t\t<\/div>\n\t\t\t\t<\/div>\n\t\t","protected":false},"excerpt":{"rendered":"<p>Datenschutzerkl\u00e4rung 1. Erhobene Daten Die Website kann folgende Daten erfassen : Vor- und Nachname E-Mail-Adresse Postanschrift Bestellinformationen Nutzungsdaten (Cookies) Alter 2. Zweck der Verarbeitung Die Daten werden erhoben f\u00fcr : Bestellabwicklung Kundenkontoverwaltung Kundensupport Verbesserung der Nutzererfahrung Einhaltung gesetzlicher Verpflichtungen 3. Rechtsgrundlage Die Verarbeitung basiert auf : Vertragserf\u00fcllung Einwilligung des Nutzers gesetzlichen Verpflichtungen 4. Speicherdauer Die [&hellip;]<\/p>\n","protected":false},"author":1,"featured_media":0,"parent":0,"menu_order":0,"comment_status":"closed","ping_status":"closed","template":"","meta":{"footnotes":""},"class_list":["post-2128","page","type-page","status-publish","hentry"],"yoast_head":"<!-- This site is optimized with the Yoast SEO plugin v27.4 - https:\/\/yoast.com\/product\/yoast-seo-wordpress\/ -->\n<title>Datenschutzerkl\u00e4rung CBD | Small Bud Deutschland<\/title>\n<meta name=\"description\" content=\"Datenschutzerkl\u00e4rung von Small Bud. Erfahre, wie deine Daten gem\u00e4\u00df DSGVO gesch\u00fctzt und verarbeitet werden.\" \/>\n<meta name=\"robots\" content=\"index, follow, max-snippet:-1, max-image-preview:large, max-video-preview:-1\" \/>\n<link rel=\"canonical\" href=\"https:\/\/small-bud.com\/de\/politique-de-confidentialite\/\" \/>\n<meta property=\"og:locale\" content=\"de_DE\" \/>\n<meta property=\"og:type\" content=\"article\" \/>\n<meta property=\"og:title\" content=\"Datenschutzerkl\u00e4rung CBD | Small Bud Deutschland\" \/>\n<meta property=\"og:description\" content=\"Datenschutzerkl\u00e4rung von Small Bud. Erfahre, wie deine Daten gem\u00e4\u00df DSGVO gesch\u00fctzt und verarbeitet werden.\" \/>\n<meta property=\"og:url\" content=\"https:\/\/small-bud.com\/de\/politique-de-confidentialite\/\" \/>\n<meta property=\"og:site_name\" content=\"small bud\" \/>\n<meta property=\"article:modified_time\" content=\"2026-04-16T00:53:52+00:00\" \/>\n<meta name=\"twitter:card\" content=\"summary_large_image\" \/>\n<meta name=\"twitter:label1\" content=\"Gesch\u00e4tzte Lesezeit\" \/>\n\t<meta name=\"twitter:data1\" content=\"1\u00a0Minute\" \/>\n<script type=\"application\/ld+json\" class=\"yoast-schema-graph\">{\"@context\":\"https:\\\/\\\/schema.org\",\"@graph\":[{\"@type\":\"WebPage\",\"@id\":\"https:\\\/\\\/small-bud.com\\\/de\\\/politique-de-confidentialite\\\/\",\"url\":\"https:\\\/\\\/small-bud.com\\\/de\\\/politique-de-confidentialite\\\/\",\"name\":\"Datenschutzerkl\u00e4rung CBD | Small Bud Deutschland\",\"isPartOf\":{\"@id\":\"https:\\\/\\\/small-bud.com\\\/de\\\/#website\"},\"datePublished\":\"2026-01-22T19:48:50+00:00\",\"dateModified\":\"2026-04-16T00:53:52+00:00\",\"description\":\"Datenschutzerkl\u00e4rung von Small Bud. Erfahre, wie deine Daten gem\u00e4\u00df DSGVO gesch\u00fctzt und verarbeitet werden.\",\"breadcrumb\":{\"@id\":\"https:\\\/\\\/small-bud.com\\\/de\\\/politique-de-confidentialite\\\/#breadcrumb\"},\"inLanguage\":\"de\",\"potentialAction\":[{\"@type\":\"ReadAction\",\"target\":[\"https:\\\/\\\/small-bud.com\\\/de\\\/politique-de-confidentialite\\\/\"]}]},{\"@type\":\"BreadcrumbList\",\"@id\":\"https:\\\/\\\/small-bud.com\\\/de\\\/politique-de-confidentialite\\\/#breadcrumb\",\"itemListElement\":[{\"@type\":\"ListItem\",\"position\":1,\"name\":\"Accueil\",\"item\":\"https:\\\/\\\/small-bud.com\\\/de\\\/\"},{\"@type\":\"ListItem\",\"position\":2,\"name\":\"Politique de confidentialit\u00e9\"}]},{\"@type\":\"WebSite\",\"@id\":\"https:\\\/\\\/small-bud.com\\\/de\\\/#website\",\"url\":\"https:\\\/\\\/small-bud.com\\\/de\\\/\",\"name\":\"small bud\",\"description\":\"Le meilleur endroit pour acheter son CBD\",\"potentialAction\":[{\"@type\":\"SearchAction\",\"target\":{\"@type\":\"EntryPoint\",\"urlTemplate\":\"https:\\\/\\\/small-bud.com\\\/de\\\/?s={search_term_string}\"},\"query-input\":{\"@type\":\"PropertyValueSpecification\",\"valueRequired\":true,\"valueName\":\"search_term_string\"}}],\"inLanguage\":\"de\"}]}<\/script>\n<!-- \/ Yoast SEO plugin. -->","yoast_head_json":{"title":"Datenschutzerkl\u00e4rung CBD | Small Bud Deutschland","description":"Datenschutzerkl\u00e4rung von Small Bud. Erfahre, wie deine Daten gem\u00e4\u00df DSGVO gesch\u00fctzt und verarbeitet werden.","robots":{"index":"index","follow":"follow","max-snippet":"max-snippet:-1","max-image-preview":"max-image-preview:large","max-video-preview":"max-video-preview:-1"},"canonical":"https:\/\/small-bud.com\/de\/politique-de-confidentialite\/","og_locale":"de_DE","og_type":"article","og_title":"Datenschutzerkl\u00e4rung CBD | Small Bud Deutschland","og_description":"Datenschutzerkl\u00e4rung von Small Bud. Erfahre, wie deine Daten gem\u00e4\u00df DSGVO gesch\u00fctzt und verarbeitet werden.","og_url":"https:\/\/small-bud.com\/de\/politique-de-confidentialite\/","og_site_name":"small bud","article_modified_time":"2026-04-16T00:53:52+00:00","twitter_card":"summary_large_image","twitter_misc":{"Gesch\u00e4tzte Lesezeit":"1\u00a0Minute"},"schema":{"@context":"https:\/\/schema.org","@graph":[{"@type":"WebPage","@id":"https:\/\/small-bud.com\/de\/politique-de-confidentialite\/","url":"https:\/\/small-bud.com\/de\/politique-de-confidentialite\/","name":"Datenschutzerkl\u00e4rung CBD | Small Bud Deutschland","isPartOf":{"@id":"https:\/\/small-bud.com\/de\/#website"},"datePublished":"2026-01-22T19:48:50+00:00","dateModified":"2026-04-16T00:53:52+00:00","description":"Datenschutzerkl\u00e4rung von Small Bud. Erfahre, wie deine Daten gem\u00e4\u00df DSGVO gesch\u00fctzt und verarbeitet werden.","breadcrumb":{"@id":"https:\/\/small-bud.com\/de\/politique-de-confidentialite\/#breadcrumb"},"inLanguage":"de","potentialAction":[{"@type":"ReadAction","target":["https:\/\/small-bud.com\/de\/politique-de-confidentialite\/"]}]},{"@type":"BreadcrumbList","@id":"https:\/\/small-bud.com\/de\/politique-de-confidentialite\/#breadcrumb","itemListElement":[{"@type":"ListItem","position":1,"name":"Accueil","item":"https:\/\/small-bud.com\/de\/"},{"@type":"ListItem","position":2,"name":"Politique de confidentialit\u00e9"}]},{"@type":"WebSite","@id":"https:\/\/small-bud.com\/de\/#website","url":"https:\/\/small-bud.com\/de\/","name":"small bud","description":"Le meilleur endroit pour acheter son CBD","potentialAction":[{"@type":"SearchAction","target":{"@type":"EntryPoint","urlTemplate":"https:\/\/small-bud.com\/de\/?s={search_term_string}"},"query-input":{"@type":"PropertyValueSpecification","valueRequired":true,"valueName":"search_term_string"}}],"inLanguage":"de"}]}},"_links":{"self":[{"href":"https:\/\/small-bud.com\/de\/wp-json\/wp\/v2\/pages\/2128","targetHints":{"allow":["GET"]}}],"collection":[{"href":"https:\/\/small-bud.com\/de\/wp-json\/wp\/v2\/pages"}],"about":[{"href":"https:\/\/small-bud.com\/de\/wp-json\/wp\/v2\/types\/page"}],"author":[{"embeddable":true,"href":"https:\/\/small-bud.com\/de\/wp-json\/wp\/v2\/users\/1"}],"replies":[{"embeddable":true,"href":"https:\/\/small-bud.com\/de\/wp-json\/wp\/v2\/comments?post=2128"}],"version-history":[{"count":4,"href":"https:\/\/small-bud.com\/de\/wp-json\/wp\/v2\/pages\/2128\/revisions"}],"predecessor-version":[{"id":2137,"href":"https:\/\/small-bud.com\/de\/wp-json\/wp\/v2\/pages\/2128\/revisions\/2137"}],"wp:attachment":[{"href":"https:\/\/small-bud.com\/de\/wp-json\/wp\/v2\/media?parent=2128"}],"curies":[{"name":"wp","href":"https:\/\/api.w.org\/{rel}","templated":true}]}}