{"id":2112,"date":"2026-01-27T18:06:45","date_gmt":"2026-01-27T18:06:45","guid":{"rendered":"https:\/\/small-bud.com\/mentions-legales\/"},"modified":"2026-04-16T00:37:50","modified_gmt":"2026-04-16T00:37:50","slug":"mentions-legales","status":"publish","type":"page","link":"https:\/\/small-bud.com\/de\/mentions-legales\/","title":{"rendered":"Mentions l\u00e9gales"},"content":{"rendered":"\t\t<div data-elementor-type=\"wp-page\" data-elementor-id=\"2112\" class=\"elementor elementor-2112 elementor-534\">\n\t\t\t\t<div class=\"elementor-element elementor-element-5c1ab351 e-flex e-con-boxed e-con e-parent\" data-id=\"5c1ab351\" data-element_type=\"container\" data-e-type=\"container\">\n\t\t\t\t\t<div class=\"e-con-inner\">\n\t\t\t\t<div class=\"elementor-element elementor-element-23cedf7f elementor-widget elementor-widget-text-editor\" data-id=\"23cedf7f\" data-element_type=\"widget\" data-e-type=\"widget\" data-widget_type=\"text-editor.default\">\n\t\t\t\t\t\t\t\t\t<h1>Impressum<\/h1>\nGem\u00e4\u00df Gesetz Nr. 2004-575 vom 21. Juni 2004 werden die Nutzer \u00fcber die Betreiber der Website informiert.\n\n<h2>Website-Betreiber<\/h2>\n<strong>Name :<\/strong> Arnaud La Rocca<br>\n<strong>Status :<\/strong> Einzelunternehmen<br>\n<strong>Adresse :<\/strong> 501 Rue Claudius Camail, 83340 Le Thoronet, Frankreich<br>\n<strong>SIRET :<\/strong> 10085735800012 <strong>USt-ID :<\/strong> FR83100857358<br>\n<strong>E-Mail :<\/strong> contact@small-bud.com<br>\n<strong>Telefon :<\/strong> 06 09 52 54 38\n\n<h2>Verantwortlich f\u00fcr Inhalte<\/h2>\nArnaud La Rocca\n\n<h2>Hosting<\/h2>\n<strong>IONOS<\/strong><br>\nWebsite : <a href=\"https:\/\/www.ionos.fr\" target=\"_blank\">ionos.fr<\/a>\n\n<h2>Urheberrecht<\/h2>\nAlle Inhalte sind urheberrechtlich gesch\u00fctzt.\n\n<h2>Haftung<\/h2>\nKeine Haftung f\u00fcr Fehler oder unvollst\u00e4ndige Informationen.\n\n<h2>CBD Legalit\u00e4t<\/h2>\nCBD ist in Europa legal bei THC \u2264 0,3%.\n\n<h2>Regelung<\/h2>\nProdukte m\u00fcssen gesetzlichen Anforderungen entsprechen.\n\n<h2>Verantwortung<\/h2>\nVerbrauch auf eigene Verantwortung.\n\n<h2>Einschr\u00e4nkungen<\/h2>\nNur f\u00fcr Erwachsene.\n\n<h2>Gesetzes\u00e4nderungen<\/h2>\nGesetze k\u00f6nnen sich \u00e4ndern.\t\t\t\t\t\t\t\t<\/div>\n\t\t\t\t\t<\/div>\n\t\t\t\t<\/div>\n\t\t\t\t<\/div>\n\t\t","protected":false},"excerpt":{"rendered":"<p>Impressum Gem\u00e4\u00df Gesetz Nr. 2004-575 vom 21. Juni 2004 werden die Nutzer \u00fcber die Betreiber der Website informiert. Website-Betreiber Name : Arnaud La Rocca Status : Einzelunternehmen Adresse : 501 Rue Claudius Camail, 83340 Le Thoronet, Frankreich SIRET : 10085735800012 USt-ID : FR83100857358 E-Mail : contact@small-bud.com Telefon : 06 09 52 54 38 Verantwortlich f\u00fcr [&hellip;]<\/p>\n","protected":false},"author":1,"featured_media":0,"parent":0,"menu_order":0,"comment_status":"closed","ping_status":"closed","template":"","meta":{"footnotes":""},"class_list":["post-2112","page","type-page","status-publish","hentry"],"yoast_head":"<!-- This site is optimized with the Yoast SEO plugin v27.4 - https:\/\/yoast.com\/product\/yoast-seo-wordpress\/ -->\n<title>Impressum CBD | Small Bud Deutschland<\/title>\n<meta name=\"description\" content=\"Offizielles Impressum von Small Bud. Informationen zu Betreiber, Hosting und rechtlicher Situation von CBD.\" \/>\n<meta name=\"robots\" content=\"index, follow, max-snippet:-1, max-image-preview:large, max-video-preview:-1\" \/>\n<link rel=\"canonical\" href=\"https:\/\/small-bud.com\/de\/mentions-legales\/\" \/>\n<meta property=\"og:locale\" content=\"de_DE\" \/>\n<meta property=\"og:type\" content=\"article\" \/>\n<meta property=\"og:title\" content=\"Impressum CBD | Small Bud Deutschland\" \/>\n<meta property=\"og:description\" content=\"Offizielles Impressum von Small Bud. Informationen zu Betreiber, Hosting und rechtlicher Situation von CBD.\" \/>\n<meta property=\"og:url\" content=\"https:\/\/small-bud.com\/de\/mentions-legales\/\" \/>\n<meta property=\"og:site_name\" content=\"small bud\" \/>\n<meta property=\"article:modified_time\" content=\"2026-04-16T00:37:50+00:00\" \/>\n<meta name=\"twitter:card\" content=\"summary_large_image\" \/>\n<meta name=\"twitter:label1\" content=\"Gesch\u00e4tzte Lesezeit\" \/>\n\t<meta name=\"twitter:data1\" content=\"1\u00a0Minute\" \/>\n<script type=\"application\/ld+json\" class=\"yoast-schema-graph\">{\"@context\":\"https:\\\/\\\/schema.org\",\"@graph\":[{\"@type\":\"WebPage\",\"@id\":\"https:\\\/\\\/small-bud.com\\\/de\\\/mentions-legales\\\/\",\"url\":\"https:\\\/\\\/small-bud.com\\\/de\\\/mentions-legales\\\/\",\"name\":\"Impressum CBD | Small Bud Deutschland\",\"isPartOf\":{\"@id\":\"https:\\\/\\\/small-bud.com\\\/de\\\/#website\"},\"datePublished\":\"2026-01-27T18:06:45+00:00\",\"dateModified\":\"2026-04-16T00:37:50+00:00\",\"description\":\"Offizielles Impressum von Small Bud. Informationen zu Betreiber, Hosting und rechtlicher Situation von CBD.\",\"breadcrumb\":{\"@id\":\"https:\\\/\\\/small-bud.com\\\/de\\\/mentions-legales\\\/#breadcrumb\"},\"inLanguage\":\"de\",\"potentialAction\":[{\"@type\":\"ReadAction\",\"target\":[\"https:\\\/\\\/small-bud.com\\\/de\\\/mentions-legales\\\/\"]}]},{\"@type\":\"BreadcrumbList\",\"@id\":\"https:\\\/\\\/small-bud.com\\\/de\\\/mentions-legales\\\/#breadcrumb\",\"itemListElement\":[{\"@type\":\"ListItem\",\"position\":1,\"name\":\"Accueil\",\"item\":\"https:\\\/\\\/small-bud.com\\\/de\\\/\"},{\"@type\":\"ListItem\",\"position\":2,\"name\":\"Mentions l\u00e9gales\"}]},{\"@type\":\"WebSite\",\"@id\":\"https:\\\/\\\/small-bud.com\\\/de\\\/#website\",\"url\":\"https:\\\/\\\/small-bud.com\\\/de\\\/\",\"name\":\"small bud\",\"description\":\"Le meilleur endroit pour acheter son CBD\",\"potentialAction\":[{\"@type\":\"SearchAction\",\"target\":{\"@type\":\"EntryPoint\",\"urlTemplate\":\"https:\\\/\\\/small-bud.com\\\/de\\\/?s={search_term_string}\"},\"query-input\":{\"@type\":\"PropertyValueSpecification\",\"valueRequired\":true,\"valueName\":\"search_term_string\"}}],\"inLanguage\":\"de\"}]}<\/script>\n<!-- \/ Yoast SEO plugin. -->","yoast_head_json":{"title":"Impressum CBD | Small Bud Deutschland","description":"Offizielles Impressum von Small Bud. Informationen zu Betreiber, Hosting und rechtlicher Situation von CBD.","robots":{"index":"index","follow":"follow","max-snippet":"max-snippet:-1","max-image-preview":"max-image-preview:large","max-video-preview":"max-video-preview:-1"},"canonical":"https:\/\/small-bud.com\/de\/mentions-legales\/","og_locale":"de_DE","og_type":"article","og_title":"Impressum CBD | Small Bud Deutschland","og_description":"Offizielles Impressum von Small Bud. Informationen zu Betreiber, Hosting und rechtlicher Situation von CBD.","og_url":"https:\/\/small-bud.com\/de\/mentions-legales\/","og_site_name":"small bud","article_modified_time":"2026-04-16T00:37:50+00:00","twitter_card":"summary_large_image","twitter_misc":{"Gesch\u00e4tzte Lesezeit":"1\u00a0Minute"},"schema":{"@context":"https:\/\/schema.org","@graph":[{"@type":"WebPage","@id":"https:\/\/small-bud.com\/de\/mentions-legales\/","url":"https:\/\/small-bud.com\/de\/mentions-legales\/","name":"Impressum CBD | Small Bud Deutschland","isPartOf":{"@id":"https:\/\/small-bud.com\/de\/#website"},"datePublished":"2026-01-27T18:06:45+00:00","dateModified":"2026-04-16T00:37:50+00:00","description":"Offizielles Impressum von Small Bud. Informationen zu Betreiber, Hosting und rechtlicher Situation von CBD.","breadcrumb":{"@id":"https:\/\/small-bud.com\/de\/mentions-legales\/#breadcrumb"},"inLanguage":"de","potentialAction":[{"@type":"ReadAction","target":["https:\/\/small-bud.com\/de\/mentions-legales\/"]}]},{"@type":"BreadcrumbList","@id":"https:\/\/small-bud.com\/de\/mentions-legales\/#breadcrumb","itemListElement":[{"@type":"ListItem","position":1,"name":"Accueil","item":"https:\/\/small-bud.com\/de\/"},{"@type":"ListItem","position":2,"name":"Mentions l\u00e9gales"}]},{"@type":"WebSite","@id":"https:\/\/small-bud.com\/de\/#website","url":"https:\/\/small-bud.com\/de\/","name":"small bud","description":"Le meilleur endroit pour acheter son CBD","potentialAction":[{"@type":"SearchAction","target":{"@type":"EntryPoint","urlTemplate":"https:\/\/small-bud.com\/de\/?s={search_term_string}"},"query-input":{"@type":"PropertyValueSpecification","valueRequired":true,"valueName":"search_term_string"}}],"inLanguage":"de"}]}},"_links":{"self":[{"href":"https:\/\/small-bud.com\/de\/wp-json\/wp\/v2\/pages\/2112","targetHints":{"allow":["GET"]}}],"collection":[{"href":"https:\/\/small-bud.com\/de\/wp-json\/wp\/v2\/pages"}],"about":[{"href":"https:\/\/small-bud.com\/de\/wp-json\/wp\/v2\/types\/page"}],"author":[{"embeddable":true,"href":"https:\/\/small-bud.com\/de\/wp-json\/wp\/v2\/users\/1"}],"replies":[{"embeddable":true,"href":"https:\/\/small-bud.com\/de\/wp-json\/wp\/v2\/comments?post=2112"}],"version-history":[{"count":4,"href":"https:\/\/small-bud.com\/de\/wp-json\/wp\/v2\/pages\/2112\/revisions"}],"predecessor-version":[{"id":2121,"href":"https:\/\/small-bud.com\/de\/wp-json\/wp\/v2\/pages\/2112\/revisions\/2121"}],"wp:attachment":[{"href":"https:\/\/small-bud.com\/de\/wp-json\/wp\/v2\/media?parent=2112"}],"curies":[{"name":"wp","href":"https:\/\/api.w.org\/{rel}","templated":true}]}}