{"id":2095,"date":"2026-01-30T14:54:14","date_gmt":"2026-01-30T14:54:14","guid":{"rendered":"https:\/\/small-bud.com\/faq\/"},"modified":"2026-04-16T00:17:25","modified_gmt":"2026-04-16T00:17:25","slug":"faq","status":"publish","type":"page","link":"https:\/\/small-bud.com\/de\/faq\/","title":{"rendered":"FAQ"},"content":{"rendered":"\t\t<div data-elementor-type=\"wp-page\" data-elementor-id=\"2095\" class=\"elementor elementor-2095 elementor-800\">\n\t\t\t\t<div class=\"elementor-element elementor-element-a2da8b1 e-flex e-con-boxed e-con e-parent\" data-id=\"a2da8b1\" data-element_type=\"container\" data-e-type=\"container\">\n\t\t\t\t\t<div class=\"e-con-inner\">\n\t\t\t\t<div class=\"elementor-element elementor-element-7ada213 elementor-widget elementor-widget-image\" data-id=\"7ada213\" data-element_type=\"widget\" data-e-type=\"widget\" data-widget_type=\"image.default\">\n\t\t\t\t\t\t\t\t\t\t\t\t\t\t\t<img fetchpriority=\"high\" decoding=\"async\" width=\"433\" height=\"577\" src=\"https:\/\/small-bud.com\/wp-content\/uploads\/2026\/01\/fleurs-cbd-premium.webp\" class=\"attachment-large size-large wp-image-1991\" alt=\"fleurs de cbd premium small buds\" srcset=\"https:\/\/small-bud.com\/wp-content\/uploads\/2026\/01\/fleurs-cbd-premium.webp 433w, https:\/\/small-bud.com\/wp-content\/uploads\/2026\/01\/fleurs-cbd-premium-225x300.webp 225w\" sizes=\"(max-width: 433px) 100vw, 433px\" \/>\t\t\t\t\t\t\t\t\t\t\t\t\t\t\t<\/div>\n\t\t\t\t\t<\/div>\n\t\t\t\t<\/div>\n\t\t<div class=\"elementor-element elementor-element-67f56e85 e-flex e-con-boxed e-con e-parent\" data-id=\"67f56e85\" data-element_type=\"container\" data-e-type=\"container\">\n\t\t\t\t\t<div class=\"e-con-inner\">\n\t\t\t\t<div class=\"elementor-element elementor-element-40d8ca82 elementor-widget elementor-widget-text-editor\" data-id=\"40d8ca82\" data-element_type=\"widget\" data-e-type=\"widget\" data-widget_type=\"text-editor.default\">\n\t\t\t\t\t\t\t\t\t<h1>FAQ \u2013 H\u00e4ufig gestellte Fragen zu Small Bud und CBD-Bl\u00fcten<\/h1>\nDiese FAQ beantwortet die h\u00e4ufigsten Fragen zu Produkten, Bestellungen, Versand und der Nutzung der Small Bud Website.\n\n<h2>Sind die Produkte legal?<\/h2>\nJa. Alle Produkte entsprechen den europ\u00e4ischen Vorschriften mit zul\u00e4ssigem THC-Gehalt.\n\nWeitere Infos: <a href=\"https:\/\/small-bud.com\/de\/mentions-legales\/\">Rechtliche Hinweise<\/a>.\n\n<h2>Wie bestelle ich?<\/h2>\nProdukte ausw\u00e4hlen, in den Warenkorb legen und Bestellung abschlie\u00dfen.\n\nKontakt: <a href=\"https:\/\/small-bud.com\/de\/contact\/\">Kontaktseite<\/a>.\n\n<h2>Zahlungsmethoden?<\/h2>\nAlle Zahlungen sind sicher und werden beim Checkout angezeigt.\n\n<h2>Lieferung?<\/h2>\nSchneller Versand, Details beim Checkout.\n\n<h2>Bestellung \u00e4ndern?<\/h2>\nKontaktieren Sie uns \u00fcber die <a href=\"https:\/\/small-bud.com\/de\/contact\/\">Kontaktseite<\/a>.\n\n<h2>R\u00fcckgabe?<\/h2>\n14 Tage Widerrufsrecht laut <a href=\"https:\/\/small-bud.com\/de\/conditions-generales-de-vente\/\">AGB<\/a>.\n\n<h2>Datenschutz?<\/h2>\nMehr Infos: <a href=\"https:\/\/small-bud.com\/de\/politique-confidentialite\/\">Datenschutz<\/a>.\n\n<h2>Kundenservice?<\/h2>\n\u00dcber die <a href=\"https:\/\/small-bud.com\/de\/contact\/\">Kontaktseite<\/a>.\t\t\t\t\t\t\t\t<\/div>\n\t\t\t\t\t<\/div>\n\t\t\t\t<\/div>\n\t\t\t\t<\/div>\n\t\t","protected":false},"excerpt":{"rendered":"<p>FAQ \u2013 H\u00e4ufig gestellte Fragen zu Small Bud und CBD-Bl\u00fcten Diese FAQ beantwortet die h\u00e4ufigsten Fragen zu Produkten, Bestellungen, Versand und der Nutzung der Small Bud Website. Sind die Produkte legal? Ja. Alle Produkte entsprechen den europ\u00e4ischen Vorschriften mit zul\u00e4ssigem THC-Gehalt. Weitere Infos: Rechtliche Hinweise. Wie bestelle ich? Produkte ausw\u00e4hlen, in den Warenkorb legen und [&hellip;]<\/p>\n","protected":false},"author":1,"featured_media":0,"parent":0,"menu_order":0,"comment_status":"closed","ping_status":"closed","template":"","meta":{"footnotes":""},"class_list":["post-2095","page","type-page","status-publish","hentry"],"yoast_head":"<!-- This site is optimized with the Yoast SEO plugin v27.4 - https:\/\/yoast.com\/product\/yoast-seo-wordpress\/ -->\n<title>FAQ CBD Bl\u00fcten | Small Bud Deutschland<\/title>\n<meta name=\"description\" content=\"Alle Antworten zu CBD Bl\u00fcten, Bestellung und Versand bei Small Bud. Einfach und klar erkl\u00e4rt.\" \/>\n<meta name=\"robots\" content=\"index, follow, max-snippet:-1, max-image-preview:large, max-video-preview:-1\" \/>\n<link rel=\"canonical\" href=\"https:\/\/small-bud.com\/de\/faq\/\" \/>\n<meta property=\"og:locale\" content=\"de_DE\" \/>\n<meta property=\"og:type\" content=\"article\" \/>\n<meta property=\"og:title\" content=\"FAQ CBD Bl\u00fcten | Small Bud Deutschland\" \/>\n<meta property=\"og:description\" content=\"Alle Antworten zu CBD Bl\u00fcten, Bestellung und Versand bei Small Bud. Einfach und klar erkl\u00e4rt.\" \/>\n<meta property=\"og:url\" content=\"https:\/\/small-bud.com\/de\/faq\/\" \/>\n<meta property=\"og:site_name\" content=\"small bud\" \/>\n<meta property=\"article:modified_time\" content=\"2026-04-16T00:17:25+00:00\" \/>\n<meta property=\"og:image\" content=\"https:\/\/small-bud.com\/wp-content\/uploads\/2026\/01\/fleurs-cbd-premium.webp\" \/>\n\t<meta property=\"og:image:width\" content=\"433\" \/>\n\t<meta property=\"og:image:height\" content=\"577\" \/>\n\t<meta property=\"og:image:type\" content=\"image\/webp\" \/>\n<meta name=\"twitter:card\" content=\"summary_large_image\" \/>\n<meta name=\"twitter:label1\" content=\"Gesch\u00e4tzte Lesezeit\" \/>\n\t<meta name=\"twitter:data1\" content=\"1\u00a0Minute\" \/>\n<script type=\"application\/ld+json\" class=\"yoast-schema-graph\">{\"@context\":\"https:\\\/\\\/schema.org\",\"@graph\":[{\"@type\":\"WebPage\",\"@id\":\"https:\\\/\\\/small-bud.com\\\/de\\\/faq\\\/\",\"url\":\"https:\\\/\\\/small-bud.com\\\/de\\\/faq\\\/\",\"name\":\"FAQ CBD Bl\u00fcten | Small Bud Deutschland\",\"isPartOf\":{\"@id\":\"https:\\\/\\\/small-bud.com\\\/de\\\/#website\"},\"primaryImageOfPage\":{\"@id\":\"https:\\\/\\\/small-bud.com\\\/de\\\/faq\\\/#primaryimage\"},\"image\":{\"@id\":\"https:\\\/\\\/small-bud.com\\\/de\\\/faq\\\/#primaryimage\"},\"thumbnailUrl\":\"https:\\\/\\\/small-bud.com\\\/wp-content\\\/uploads\\\/2026\\\/01\\\/fleurs-cbd-premium.webp\",\"datePublished\":\"2026-01-30T14:54:14+00:00\",\"dateModified\":\"2026-04-16T00:17:25+00:00\",\"description\":\"Alle Antworten zu CBD Bl\u00fcten, Bestellung und Versand bei Small Bud. Einfach und klar erkl\u00e4rt.\",\"breadcrumb\":{\"@id\":\"https:\\\/\\\/small-bud.com\\\/de\\\/faq\\\/#breadcrumb\"},\"inLanguage\":\"de\",\"potentialAction\":[{\"@type\":\"ReadAction\",\"target\":[\"https:\\\/\\\/small-bud.com\\\/de\\\/faq\\\/\"]}]},{\"@type\":\"ImageObject\",\"inLanguage\":\"de\",\"@id\":\"https:\\\/\\\/small-bud.com\\\/de\\\/faq\\\/#primaryimage\",\"url\":\"https:\\\/\\\/small-bud.com\\\/wp-content\\\/uploads\\\/2026\\\/01\\\/fleurs-cbd-premium.webp\",\"contentUrl\":\"https:\\\/\\\/small-bud.com\\\/wp-content\\\/uploads\\\/2026\\\/01\\\/fleurs-cbd-premium.webp\"},{\"@type\":\"BreadcrumbList\",\"@id\":\"https:\\\/\\\/small-bud.com\\\/de\\\/faq\\\/#breadcrumb\",\"itemListElement\":[{\"@type\":\"ListItem\",\"position\":1,\"name\":\"Accueil\",\"item\":\"https:\\\/\\\/small-bud.com\\\/de\\\/\"},{\"@type\":\"ListItem\",\"position\":2,\"name\":\"FAQ\"}]},{\"@type\":\"WebSite\",\"@id\":\"https:\\\/\\\/small-bud.com\\\/de\\\/#website\",\"url\":\"https:\\\/\\\/small-bud.com\\\/de\\\/\",\"name\":\"small bud\",\"description\":\"Le meilleur endroit pour acheter son CBD\",\"potentialAction\":[{\"@type\":\"SearchAction\",\"target\":{\"@type\":\"EntryPoint\",\"urlTemplate\":\"https:\\\/\\\/small-bud.com\\\/de\\\/?s={search_term_string}\"},\"query-input\":{\"@type\":\"PropertyValueSpecification\",\"valueRequired\":true,\"valueName\":\"search_term_string\"}}],\"inLanguage\":\"de\"}]}<\/script>\n<!-- \/ Yoast SEO plugin. -->","yoast_head_json":{"title":"FAQ CBD Bl\u00fcten | Small Bud Deutschland","description":"Alle Antworten zu CBD Bl\u00fcten, Bestellung und Versand bei Small Bud. Einfach und klar erkl\u00e4rt.","robots":{"index":"index","follow":"follow","max-snippet":"max-snippet:-1","max-image-preview":"max-image-preview:large","max-video-preview":"max-video-preview:-1"},"canonical":"https:\/\/small-bud.com\/de\/faq\/","og_locale":"de_DE","og_type":"article","og_title":"FAQ CBD Bl\u00fcten | Small Bud Deutschland","og_description":"Alle Antworten zu CBD Bl\u00fcten, Bestellung und Versand bei Small Bud. Einfach und klar erkl\u00e4rt.","og_url":"https:\/\/small-bud.com\/de\/faq\/","og_site_name":"small bud","article_modified_time":"2026-04-16T00:17:25+00:00","og_image":[{"width":433,"height":577,"url":"https:\/\/small-bud.com\/wp-content\/uploads\/2026\/01\/fleurs-cbd-premium.webp","type":"image\/webp"}],"twitter_card":"summary_large_image","twitter_misc":{"Gesch\u00e4tzte Lesezeit":"1\u00a0Minute"},"schema":{"@context":"https:\/\/schema.org","@graph":[{"@type":"WebPage","@id":"https:\/\/small-bud.com\/de\/faq\/","url":"https:\/\/small-bud.com\/de\/faq\/","name":"FAQ CBD Bl\u00fcten | Small Bud Deutschland","isPartOf":{"@id":"https:\/\/small-bud.com\/de\/#website"},"primaryImageOfPage":{"@id":"https:\/\/small-bud.com\/de\/faq\/#primaryimage"},"image":{"@id":"https:\/\/small-bud.com\/de\/faq\/#primaryimage"},"thumbnailUrl":"https:\/\/small-bud.com\/wp-content\/uploads\/2026\/01\/fleurs-cbd-premium.webp","datePublished":"2026-01-30T14:54:14+00:00","dateModified":"2026-04-16T00:17:25+00:00","description":"Alle Antworten zu CBD Bl\u00fcten, Bestellung und Versand bei Small Bud. Einfach und klar erkl\u00e4rt.","breadcrumb":{"@id":"https:\/\/small-bud.com\/de\/faq\/#breadcrumb"},"inLanguage":"de","potentialAction":[{"@type":"ReadAction","target":["https:\/\/small-bud.com\/de\/faq\/"]}]},{"@type":"ImageObject","inLanguage":"de","@id":"https:\/\/small-bud.com\/de\/faq\/#primaryimage","url":"https:\/\/small-bud.com\/wp-content\/uploads\/2026\/01\/fleurs-cbd-premium.webp","contentUrl":"https:\/\/small-bud.com\/wp-content\/uploads\/2026\/01\/fleurs-cbd-premium.webp"},{"@type":"BreadcrumbList","@id":"https:\/\/small-bud.com\/de\/faq\/#breadcrumb","itemListElement":[{"@type":"ListItem","position":1,"name":"Accueil","item":"https:\/\/small-bud.com\/de\/"},{"@type":"ListItem","position":2,"name":"FAQ"}]},{"@type":"WebSite","@id":"https:\/\/small-bud.com\/de\/#website","url":"https:\/\/small-bud.com\/de\/","name":"small bud","description":"Le meilleur endroit pour acheter son CBD","potentialAction":[{"@type":"SearchAction","target":{"@type":"EntryPoint","urlTemplate":"https:\/\/small-bud.com\/de\/?s={search_term_string}"},"query-input":{"@type":"PropertyValueSpecification","valueRequired":true,"valueName":"search_term_string"}}],"inLanguage":"de"}]}},"_links":{"self":[{"href":"https:\/\/small-bud.com\/de\/wp-json\/wp\/v2\/pages\/2095","targetHints":{"allow":["GET"]}}],"collection":[{"href":"https:\/\/small-bud.com\/de\/wp-json\/wp\/v2\/pages"}],"about":[{"href":"https:\/\/small-bud.com\/de\/wp-json\/wp\/v2\/types\/page"}],"author":[{"embeddable":true,"href":"https:\/\/small-bud.com\/de\/wp-json\/wp\/v2\/users\/1"}],"replies":[{"embeddable":true,"href":"https:\/\/small-bud.com\/de\/wp-json\/wp\/v2\/comments?post=2095"}],"version-history":[{"count":4,"href":"https:\/\/small-bud.com\/de\/wp-json\/wp\/v2\/pages\/2095\/revisions"}],"predecessor-version":[{"id":2100,"href":"https:\/\/small-bud.com\/de\/wp-json\/wp\/v2\/pages\/2095\/revisions\/2100"}],"wp:attachment":[{"href":"https:\/\/small-bud.com\/de\/wp-json\/wp\/v2\/media?parent=2095"}],"curies":[{"name":"wp","href":"https:\/\/api.w.org\/{rel}","templated":true}]}}