{"id":2083,"date":"2026-01-23T15:01:48","date_gmt":"2026-01-23T15:01:48","guid":{"rendered":"https:\/\/small-bud.com\/allgemeinen-geschaeftsbedingungen\/"},"modified":"2026-04-14T14:32:29","modified_gmt":"2026-04-14T14:32:29","slug":"allgemeinen-geschaeftsbedingungen","status":"publish","type":"page","link":"https:\/\/small-bud.com\/de\/allgemeinen-geschaeftsbedingungen\/","title":{"rendered":"Allgemeinen Gesch\u00e4ftsbedingungen"},"content":{"rendered":"\t\t<div data-elementor-type=\"wp-page\" data-elementor-id=\"2083\" class=\"elementor elementor-2083 elementor-12\">\n\t\t\t\t<div class=\"elementor-element elementor-element-5a5a75fd e-flex e-con-boxed e-con e-parent\" data-id=\"5a5a75fd\" data-element_type=\"container\" data-e-type=\"container\">\n\t\t\t\t\t<div class=\"e-con-inner\">\n\t\t\t\t<div class=\"elementor-element elementor-element-5d555840 elementor-widget elementor-widget-text-editor\" data-id=\"5d555840\" data-element_type=\"widget\" data-e-type=\"widget\" data-widget_type=\"text-editor.default\">\n\t\t\t\t\t\t\t\t\t<h2 data-start=\"1745\" data-end=\"1777\">Allgemeine Gesch\u00e4ftsbedingungen<\/h2><h3 data-start=\"1779\" data-end=\"1813\">1. Identifizierung des Anbieters<\/h3><p data-start=\"1814\" data-end=\"2044\">Die vorliegenden Allgemeinen Gesch\u00e4ftsbedingungen werden geschlossen zwischen:<br data-start=\"1879\" data-end=\"1882\">Arnaud La Rocca, Einzelunternehmer (EI),<br data-start=\"1921\" data-end=\"1924\">im Folgenden als &#8222;der Verk\u00e4ufer&#8220; bezeichnet,<br data-start=\"1956\" data-end=\"1959\">und jede Person, die auf der Website einen Kauf t\u00e4tigt,<br data-start=\"2009\" data-end=\"2012\">im Folgenden als &#8222;der Kunde&#8220; bezeichnet.<\/p><hr data-start=\"2046\" data-end=\"2049\"><h3 data-start=\"2051\" data-end=\"2068\">2. Produkte<\/h3><p data-start=\"2069\" data-end=\"2284\">Die zum Verkauf angebotenen Produkte sind <strong data-start=\"2111\" data-end=\"2129\">kleine CBD-Buds <\/strong>aus kontrollierten Kulturen.<br data-start=\"2159\" data-end=\"2162\">Alle Produkte entsprechen den geltenden europ\u00e4ischen Rechtsvorschriften, insbesondere einem <strong data-start=\"2250\" data-end=\"2283\">THC-Gehalt von h\u00f6chstens 0,3 %.<\/strong><\/p><p data-start=\"2286\" data-end=\"2381\">Die Produkte sind <strong data-start=\"2307\" data-end=\"2342\">nicht f\u00fcr medizinische Zwecke bestimmt<\/strong> und stellen keine Arzneimittel dar.<\/p><p data-start=\"2286\" data-end=\"2381\">Produkte, die CBD enthalten, sind f\u00fcr Minderj\u00e4hrige und schwangere Frauen verboten.<\/p><hr data-start=\"2383\" data-end=\"2386\"><h3 data-start=\"2388\" data-end=\"2401\">3. Preis<\/h3><p data-start=\"2402\" data-end=\"2539\">Die Preise sind in Euro angegeben, inklusive MwSt. (alle Steuern inbegriffen) ohne Mehrwertsteuer &#8211; Art. 293B CGI<span style=\"font-size: inherit;\">.<\/span><\/p><p data-start=\"2402\" data-end=\"2539\">Die Versandkosten werden vor der Best\u00e4tigung der Bestellung angegeben.<\/p><p data-start=\"2541\" data-end=\"2651\">Der Verk\u00e4ufer beh\u00e4lt sich das Recht vor, seine Preise jederzeit zu \u00e4ndern, ohne Auswirkungen auf bereits best\u00e4tigte Bestellungen.<\/p><hr data-start=\"2653\" data-end=\"2656\"><h3 data-start=\"2658\" data-end=\"2675\">4. Bestellung<\/h3><p data-start=\"2676\" data-end=\"2830\">Die Best\u00e4tigung der Bestellung gilt als vorbehaltlose Annahme dieser AGB.<br data-start=\"2753\" data-end=\"2756\">Der Kunde erh\u00e4lt eine Best\u00e4tigung per E-Mail, nachdem die Zahlung best\u00e4tigt wurde.<\/p><hr data-start=\"2832\" data-end=\"2835\"><h3 data-start=\"2837\" data-end=\"2854\">5. Zahlung<\/h3><p data-start=\"2855\" data-end=\"2974\">Die Zahlung ist sofort bei der Bestellung f\u00e4llig.<br data-start=\"2908\" data-end=\"2911\">Die akzeptierten Zahlungsmethoden sind diejenigen, die auf der Website angegeben sind.<\/p><hr data-start=\"2976\" data-end=\"2979\"><h3 data-start=\"2981\" data-end=\"2999\">6. Lieferung<\/h3><p data-start=\"3000\" data-end=\"3165\">Die Produkte werden in <strong data-start=\"3034\" data-end=\"3082\">europ\u00e4ische L\u00e4nder geliefert,<\/strong> die den CBD-Handel zulassen.<br data-start=\"3083\" data-end=\"3086\">Die Lieferzeiten sind Richtwerte und k\u00f6nnen je nach Bestimmungsort variieren.<\/p><p data-start=\"3167\" data-end=\"3249\">Der Verk\u00e4ufer kann nicht f\u00fcr Versp\u00e4tungen verantwortlich gemacht werden, die dem Spediteur anzulasten sind.<\/p><hr data-start=\"3251\" data-end=\"3254\"><h3 data-start=\"3256\" data-end=\"3286\">7. Widerrufsrecht<\/h3><p data-start=\"3287\" data-end=\"3432\">Gem\u00e4\u00df Artikel L221-18 des franz\u00f6sischen Verbraucherschutzgesetzes hat der Kunde eine Frist von<strong data-start=\"3380\" data-end=\"3392\"> 14 Tagen,<\/strong> um sein Widerrufsrecht auszu\u00fcben.<\/p><p data-start=\"3434\" data-end=\"3591\"><img decoding=\"async\" role=\"img\" draggable=\"false\" src=\"https:\/\/s.w.org\/images\/core\/emoji\/17.0.2\/svg\/26a0.svg\" alt=\"\u26a0\ufe0f\"> <strong data-start=\"3437\" data-end=\"3450\">Ausnahme<\/strong>: Das Widerrufsrecht gilt nicht f\u00fcr <strong data-start=\"3509\" data-end=\"3533\">offene oder entversiegelte <\/strong>Produkte aus hygienischen und gesundheitlichen Gr\u00fcnden.<\/p><hr data-start=\"3593\" data-end=\"3596\"><h3 data-start=\"3598\" data-end=\"3621\">8. Verantwortung<\/h3><p data-start=\"185\" data-end=\"576\">Die auf dieser Website vermarkteten Produkte entsprechen den franz\u00f6sischen und europ\u00e4ischen Vorschriften f\u00fcr Hanfprodukte (Cannabis sativa L.). Sie stammen ausschlie\u00dflich von in der EU zugelassenen Sorten und weisen einen Delta-9-Tetrahydrocannabinol (THC)-Gehalt von unter 0,3 % auf, wie es die geltenden Rechtsvorschriften vorschreiben. <\/p><p data-start=\"578\" data-end=\"831\">Diese Produkte sind weder Bet\u00e4ubungsmittel noch psychotrope Substanzen. Sie sind nicht f\u00fcr eine medizinische Verwendung bestimmt und k\u00f6nnen nicht als Arzneimittel im Sinne des Gesundheitsgesetzbuches behandelt werden. Es wird kein therapeutischer Anspruch geltend gemacht.  <\/p><p data-start=\"833\" data-end=\"1048\">Der Verkauf ist ausschlie\u00dflich vollj\u00e4hrigen Personen vorbehalten. Durch die Best\u00e4tigung seiner Bestellung best\u00e4tigt der Kunde, dass er mindestens 18 Jahre alt ist und \u00fcber die erforderliche Rechtsf\u00e4higkeit verf\u00fcgt, um einen Kauf auf der Website zu t\u00e4tigen. <\/p><p data-start=\"1050\" data-end=\"1254\">Als Vorsichtsma\u00dfnahme wird die Verwendung der Produkte von schwangeren oder stillenden Frauen sowie von Personen, die sich in medizinischer Behandlung befinden, nicht empfohlen, es sei denn, sie werden vorher von einem medizinischen Fachmann empfohlen.<\/p><p data-start=\"1256\" data-end=\"1659\">Die Produkte sind ausschlie\u00dflich f\u00fcr eine Verwendung gem\u00e4\u00df den geltenden Vorschriften bestimmt. Jeglicher Konsum durch Verbrennen, Einatmen oder jede Verwendung, die das Produkt mit dem Rauchen gleichsetzen k\u00f6nnte, ist strengstens untersagt. Der K\u00e4ufer erkennt an, \u00fcber dieses Verbot vollst\u00e4ndig informiert zu sein und verpflichtet sich, alle geltenden Gesetze bei der Verwendung der Produkte einzuhalten.  <\/p><p data-start=\"1661\" data-end=\"1945\">Die Verantwortung f\u00fcr die Nutzung der Produkte liegt ausschlie\u00dflich beim Kunden, der sich verpflichtet, die Rechtm\u00e4\u00dfigkeit des Besitzes, der Einfuhr und der Verwendung in seinem Wohnsitzland zu \u00fcberpr\u00fcfen. Der Verk\u00e4ufer haftet nicht f\u00fcr eine Nutzung, die nicht den geltenden Vorschriften entspricht. <\/p><hr data-start=\"3809\" data-end=\"3812\"><h3 data-start=\"3814\" data-end=\"3837\">9. Kundenservice<\/h3><p data-start=\"3838\" data-end=\"3961\">Bei Fragen oder Reklamationen kann der Kunde den Kundenservice per E-Mail an die auf der Website angegebene Adresse kontaktieren.<\/p><hr data-start=\"3963\" data-end=\"3966\"><h3 data-start=\"3968\" data-end=\"3994\">10. anwendbare Recht<\/h3><p data-start=\"3995\" data-end=\"4137\">Die vorliegenden AGB unterliegen<strong data-start=\"4030\" data-end=\"4048\"> franz\u00f6sischem Recht.<\/strong><br data-start=\"4049\" data-end=\"4052\">Im Falle eines Streits wird vor jedem gerichtlichen Vorgehen eine g\u00fctliche Einigung angestrebt.<\/p>\t\t\t\t\t\t\t\t<\/div>\n\t\t\t\t\t<\/div>\n\t\t\t\t<\/div>\n\t\t\t\t<\/div>\n\t\t","protected":false},"excerpt":{"rendered":"<p>Allgemeine Gesch\u00e4ftsbedingungen 1. Identifizierung des Anbieters Die vorliegenden Allgemeinen Gesch\u00e4ftsbedingungen werden geschlossen zwischen:Arnaud La Rocca, Einzelunternehmer (EI),im Folgenden als &#8222;der Verk\u00e4ufer&#8220; bezeichnet,und jede Person, die auf der Website einen Kauf t\u00e4tigt,im Folgenden als &#8222;der Kunde&#8220; bezeichnet. 2. Produkte Die zum Verkauf angebotenen Produkte sind kleine CBD-Buds aus kontrollierten Kulturen.Alle Produkte entsprechen den geltenden europ\u00e4ischen Rechtsvorschriften, [&hellip;]<\/p>\n","protected":false},"author":1,"featured_media":0,"parent":0,"menu_order":0,"comment_status":"closed","ping_status":"closed","template":"","meta":{"footnotes":""},"class_list":["post-2083","page","type-page","status-publish","hentry"],"yoast_head":"<!-- This site is optimized with the Yoast SEO plugin v27.4 - https:\/\/yoast.com\/product\/yoast-seo-wordpress\/ -->\n<title>Allgemeine Gesch\u00e4ftsbedingungen - Small Bud<\/title>\n<meta name=\"description\" content=\"Allgemeine Gesch\u00e4ftsbedingungen f\u00fcr Bestellungen auf der Website von Small Bud.\" \/>\n<meta name=\"robots\" content=\"index, follow, max-snippet:-1, max-image-preview:large, max-video-preview:-1\" \/>\n<link rel=\"canonical\" href=\"https:\/\/small-bud.com\/de\/allgemeinen-geschaeftsbedingungen\/\" \/>\n<meta property=\"og:locale\" content=\"de_DE\" \/>\n<meta property=\"og:type\" content=\"article\" \/>\n<meta property=\"og:title\" content=\"Allgemeine Gesch\u00e4ftsbedingungen - Small Bud\" \/>\n<meta property=\"og:description\" content=\"Allgemeine Gesch\u00e4ftsbedingungen f\u00fcr Bestellungen auf der Website von Small Bud.\" \/>\n<meta property=\"og:url\" content=\"https:\/\/small-bud.com\/de\/allgemeinen-geschaeftsbedingungen\/\" \/>\n<meta property=\"og:site_name\" content=\"small bud\" \/>\n<meta property=\"article:modified_time\" content=\"2026-04-14T14:32:29+00:00\" \/>\n<meta property=\"og:image\" content=\"https:\/\/s.w.org\/images\/core\/emoji\/17.0.2\/svg\/26a0.svg\" \/>\n<meta name=\"twitter:card\" content=\"summary_large_image\" \/>\n<meta name=\"twitter:label1\" content=\"Gesch\u00e4tzte Lesezeit\" \/>\n\t<meta name=\"twitter:data1\" content=\"3\u00a0Minute\" \/>\n<script type=\"application\/ld+json\" class=\"yoast-schema-graph\">{\"@context\":\"https:\\\/\\\/schema.org\",\"@graph\":[{\"@type\":\"WebPage\",\"@id\":\"https:\\\/\\\/small-bud.com\\\/de\\\/allgemeinen-geschaeftsbedingungen\\\/\",\"url\":\"https:\\\/\\\/small-bud.com\\\/de\\\/allgemeinen-geschaeftsbedingungen\\\/\",\"name\":\"Allgemeine Gesch\u00e4ftsbedingungen - Small Bud\",\"isPartOf\":{\"@id\":\"https:\\\/\\\/small-bud.com\\\/de\\\/#website\"},\"primaryImageOfPage\":{\"@id\":\"https:\\\/\\\/small-bud.com\\\/de\\\/allgemeinen-geschaeftsbedingungen\\\/#primaryimage\"},\"image\":{\"@id\":\"https:\\\/\\\/small-bud.com\\\/de\\\/allgemeinen-geschaeftsbedingungen\\\/#primaryimage\"},\"thumbnailUrl\":\"https:\\\/\\\/s.w.org\\\/images\\\/core\\\/emoji\\\/17.0.2\\\/svg\\\/26a0.svg\",\"datePublished\":\"2026-01-23T15:01:48+00:00\",\"dateModified\":\"2026-04-14T14:32:29+00:00\",\"description\":\"Allgemeine Gesch\u00e4ftsbedingungen f\u00fcr Bestellungen auf der Website von Small Bud.\",\"breadcrumb\":{\"@id\":\"https:\\\/\\\/small-bud.com\\\/de\\\/allgemeinen-geschaeftsbedingungen\\\/#breadcrumb\"},\"inLanguage\":\"de\",\"potentialAction\":[{\"@type\":\"ReadAction\",\"target\":[\"https:\\\/\\\/small-bud.com\\\/de\\\/allgemeinen-geschaeftsbedingungen\\\/\"]}]},{\"@type\":\"ImageObject\",\"inLanguage\":\"de\",\"@id\":\"https:\\\/\\\/small-bud.com\\\/de\\\/allgemeinen-geschaeftsbedingungen\\\/#primaryimage\",\"url\":\"https:\\\/\\\/s.w.org\\\/images\\\/core\\\/emoji\\\/17.0.2\\\/svg\\\/26a0.svg\",\"contentUrl\":\"https:\\\/\\\/s.w.org\\\/images\\\/core\\\/emoji\\\/17.0.2\\\/svg\\\/26a0.svg\"},{\"@type\":\"BreadcrumbList\",\"@id\":\"https:\\\/\\\/small-bud.com\\\/de\\\/allgemeinen-geschaeftsbedingungen\\\/#breadcrumb\",\"itemListElement\":[{\"@type\":\"ListItem\",\"position\":1,\"name\":\"Accueil\",\"item\":\"https:\\\/\\\/small-bud.com\\\/de\\\/\"},{\"@type\":\"ListItem\",\"position\":2,\"name\":\"Allgemeinen Gesch\u00e4ftsbedingungen\"}]},{\"@type\":\"WebSite\",\"@id\":\"https:\\\/\\\/small-bud.com\\\/de\\\/#website\",\"url\":\"https:\\\/\\\/small-bud.com\\\/de\\\/\",\"name\":\"small bud\",\"description\":\"Le meilleur endroit pour acheter son CBD\",\"potentialAction\":[{\"@type\":\"SearchAction\",\"target\":{\"@type\":\"EntryPoint\",\"urlTemplate\":\"https:\\\/\\\/small-bud.com\\\/de\\\/?s={search_term_string}\"},\"query-input\":{\"@type\":\"PropertyValueSpecification\",\"valueRequired\":true,\"valueName\":\"search_term_string\"}}],\"inLanguage\":\"de\"}]}<\/script>\n<!-- \/ Yoast SEO plugin. -->","yoast_head_json":{"title":"Allgemeine Gesch\u00e4ftsbedingungen - Small Bud","description":"Allgemeine Gesch\u00e4ftsbedingungen f\u00fcr Bestellungen auf der Website von Small Bud.","robots":{"index":"index","follow":"follow","max-snippet":"max-snippet:-1","max-image-preview":"max-image-preview:large","max-video-preview":"max-video-preview:-1"},"canonical":"https:\/\/small-bud.com\/de\/allgemeinen-geschaeftsbedingungen\/","og_locale":"de_DE","og_type":"article","og_title":"Allgemeine Gesch\u00e4ftsbedingungen - Small Bud","og_description":"Allgemeine Gesch\u00e4ftsbedingungen f\u00fcr Bestellungen auf der Website von Small Bud.","og_url":"https:\/\/small-bud.com\/de\/allgemeinen-geschaeftsbedingungen\/","og_site_name":"small bud","article_modified_time":"2026-04-14T14:32:29+00:00","og_image":[{"url":"https:\/\/s.w.org\/images\/core\/emoji\/17.0.2\/svg\/26a0.svg","type":"","width":"","height":""}],"twitter_card":"summary_large_image","twitter_misc":{"Gesch\u00e4tzte Lesezeit":"3\u00a0Minute"},"schema":{"@context":"https:\/\/schema.org","@graph":[{"@type":"WebPage","@id":"https:\/\/small-bud.com\/de\/allgemeinen-geschaeftsbedingungen\/","url":"https:\/\/small-bud.com\/de\/allgemeinen-geschaeftsbedingungen\/","name":"Allgemeine Gesch\u00e4ftsbedingungen - Small Bud","isPartOf":{"@id":"https:\/\/small-bud.com\/de\/#website"},"primaryImageOfPage":{"@id":"https:\/\/small-bud.com\/de\/allgemeinen-geschaeftsbedingungen\/#primaryimage"},"image":{"@id":"https:\/\/small-bud.com\/de\/allgemeinen-geschaeftsbedingungen\/#primaryimage"},"thumbnailUrl":"https:\/\/s.w.org\/images\/core\/emoji\/17.0.2\/svg\/26a0.svg","datePublished":"2026-01-23T15:01:48+00:00","dateModified":"2026-04-14T14:32:29+00:00","description":"Allgemeine Gesch\u00e4ftsbedingungen f\u00fcr Bestellungen auf der Website von Small Bud.","breadcrumb":{"@id":"https:\/\/small-bud.com\/de\/allgemeinen-geschaeftsbedingungen\/#breadcrumb"},"inLanguage":"de","potentialAction":[{"@type":"ReadAction","target":["https:\/\/small-bud.com\/de\/allgemeinen-geschaeftsbedingungen\/"]}]},{"@type":"ImageObject","inLanguage":"de","@id":"https:\/\/small-bud.com\/de\/allgemeinen-geschaeftsbedingungen\/#primaryimage","url":"https:\/\/s.w.org\/images\/core\/emoji\/17.0.2\/svg\/26a0.svg","contentUrl":"https:\/\/s.w.org\/images\/core\/emoji\/17.0.2\/svg\/26a0.svg"},{"@type":"BreadcrumbList","@id":"https:\/\/small-bud.com\/de\/allgemeinen-geschaeftsbedingungen\/#breadcrumb","itemListElement":[{"@type":"ListItem","position":1,"name":"Accueil","item":"https:\/\/small-bud.com\/de\/"},{"@type":"ListItem","position":2,"name":"Allgemeinen Gesch\u00e4ftsbedingungen"}]},{"@type":"WebSite","@id":"https:\/\/small-bud.com\/de\/#website","url":"https:\/\/small-bud.com\/de\/","name":"small bud","description":"Le meilleur endroit pour acheter son CBD","potentialAction":[{"@type":"SearchAction","target":{"@type":"EntryPoint","urlTemplate":"https:\/\/small-bud.com\/de\/?s={search_term_string}"},"query-input":{"@type":"PropertyValueSpecification","valueRequired":true,"valueName":"search_term_string"}}],"inLanguage":"de"}]}},"_links":{"self":[{"href":"https:\/\/small-bud.com\/de\/wp-json\/wp\/v2\/pages\/2083","targetHints":{"allow":["GET"]}}],"collection":[{"href":"https:\/\/small-bud.com\/de\/wp-json\/wp\/v2\/pages"}],"about":[{"href":"https:\/\/small-bud.com\/de\/wp-json\/wp\/v2\/types\/page"}],"author":[{"embeddable":true,"href":"https:\/\/small-bud.com\/de\/wp-json\/wp\/v2\/users\/1"}],"replies":[{"embeddable":true,"href":"https:\/\/small-bud.com\/de\/wp-json\/wp\/v2\/comments?post=2083"}],"version-history":[{"count":1,"href":"https:\/\/small-bud.com\/de\/wp-json\/wp\/v2\/pages\/2083\/revisions"}],"predecessor-version":[{"id":2084,"href":"https:\/\/small-bud.com\/de\/wp-json\/wp\/v2\/pages\/2083\/revisions\/2084"}],"wp:attachment":[{"href":"https:\/\/small-bud.com\/de\/wp-json\/wp\/v2\/media?parent=2083"}],"curies":[{"name":"wp","href":"https:\/\/api.w.org\/{rel}","templated":true}]}}