{"id":2079,"date":"2026-01-28T16:55:05","date_gmt":"2026-01-28T16:55:05","guid":{"rendered":"https:\/\/small-bud.com\/contact-2\/"},"modified":"2026-04-14T14:22:25","modified_gmt":"2026-04-14T14:22:25","slug":"contact-2","status":"publish","type":"page","link":"https:\/\/small-bud.com\/de\/contact-2\/","title":{"rendered":"Contact"},"content":{"rendered":"\t\t<div data-elementor-type=\"wp-page\" data-elementor-id=\"2079\" class=\"elementor elementor-2079 elementor-582\">\n\t\t\t\t<div class=\"elementor-element elementor-element-6fd211bb e-flex e-con-boxed e-con e-parent\" data-id=\"6fd211bb\" data-element_type=\"container\" data-e-type=\"container\">\n\t\t\t\t\t<div class=\"e-con-inner\">\n\t\t\t\t<div class=\"elementor-element elementor-element-40b0fb22 elementor-widget elementor-widget-text-editor\" data-id=\"40b0fb22\" data-element_type=\"widget\" data-e-type=\"widget\" data-widget_type=\"text-editor.default\">\n\t\t\t\t\t\t\t\t\t<h1>kontaktieren Sie uns<\/h1>\nEine Frage zu einer Vorbestellung, einem Produkt, Ihrer Bestellung oder der Lieferung?\nUnser Team steht Ihnen gerne zur Verf\u00fcgung und wird so schnell wie m\u00f6glich antworten.\n\nNutzen Sie das untenstehende Formular, um uns direkt zu kontaktieren.\t\t\t\t\t\t\t\t<\/div>\n\t\t\t\t\t<\/div>\n\t\t\t\t<\/div>\n\t\t<div class=\"elementor-element elementor-element-5646bdc e-flex e-con-boxed e-con e-parent\" data-id=\"5646bdc\" data-element_type=\"container\" data-e-type=\"container\">\n\t\t\t\t\t<div class=\"e-con-inner\">\n\t\t\t\t<div class=\"elementor-element elementor-element-85595ea elementor-widget elementor-widget-wpforms\" data-id=\"85595ea\" data-element_type=\"widget\" data-e-type=\"widget\" data-widget_type=\"wpforms.default\">\n\t\t\t\t<div class=\"elementor-widget-container\">\n\t\t\t\t\t<style id=\"wpforms-css-vars-elementor-widget-85595ea\">\n\t\t\t\t.elementor-widget-wpforms.elementor-element-85595ea {\n\t\t\t\t--wpforms-label-color: #D0ED37D9;\n\t\t\t}\n\t\t\t<\/style><div class=\"wpforms-container wpforms-container-full wpforms-render-modern\" id=\"wpforms-577\"><form id=\"wpforms-form-577\" class=\"wpforms-validate wpforms-form wpforms-ajax-form\" data-formid=\"577\" method=\"post\" enctype=\"multipart\/form-data\" action=\"\/de\/wp-json\/wp\/v2\/pages\/2079\" data-token=\"da66cf6282d96ae4e2819581bfd4b040\" data-token-time=\"1776429049\"><noscript class=\"wpforms-error-noscript\">Bitte aktiviere JavaScript in deinem Browser, um dieses Formular fertigzustellen.<\/noscript><div id=\"wpforms-error-noscript\" style=\"display: none;\">Bitte aktiviere JavaScript in deinem Browser, um dieses Formular fertigzustellen.<\/div><div class=\"wpforms-field-container\">\t\t<div id=\"wpforms-577-field_5-container\"\n\t\t\tclass=\"wpforms-field wpforms-field-text\"\n\t\t\tdata-field-type=\"text\"\n\t\t\tdata-field-id=\"5\"\n\t\t\t>\n\t\t\t<label class=\"wpforms-field-label\" for=\"wpforms-577-field_5\" >message Commentaire E-mail<\/label>\n\t\t\t<input type=\"text\" id=\"wpforms-577-field_5\" class=\"wpforms-field-medium\" name=\"wpforms[fields][5]\" >\n\t\t<\/div>\n\t\t<div id=\"wpforms-577-field_1-container\" class=\"wpforms-field wpforms-field-name\" data-field-id=\"1\"><label class=\"wpforms-field-label\" for=\"wpforms-577-field_1\">Nom <span class=\"wpforms-required-label\" aria-hidden=\"true\">*<\/span><\/label><input type=\"text\" id=\"wpforms-577-field_1\" class=\"wpforms-field-medium wpforms-field-required\" name=\"wpforms[fields][1]\" aria-errormessage=\"wpforms-577-field_1-error\" required><\/div><div id=\"wpforms-577-field_2-container\" class=\"wpforms-field wpforms-field-email\" data-field-id=\"2\"><label class=\"wpforms-field-label\" for=\"wpforms-577-field_2\">E-mail <span class=\"wpforms-required-label\" aria-hidden=\"true\">*<\/span><\/label><input type=\"email\" id=\"wpforms-577-field_2\" class=\"wpforms-field-medium wpforms-field-required\" name=\"wpforms[fields][2]\" spellcheck=\"false\" aria-errormessage=\"wpforms-577-field_2-error\" required><\/div><div id=\"wpforms-577-field_3-container\" class=\"wpforms-field wpforms-field-textarea\" data-field-id=\"3\"><label class=\"wpforms-field-label\" for=\"wpforms-577-field_3\">Commentaire ou message<\/label><textarea id=\"wpforms-577-field_3\" class=\"wpforms-field-medium\" name=\"wpforms[fields][3]\" aria-errormessage=\"wpforms-577-field_3-error\" ><\/textarea><\/div><div id=\"wpforms-577-field_4-container\" class=\"wpforms-field wpforms-field-checkbox\" data-field-id=\"4\"><fieldset><legend class=\"wpforms-field-label\">Consentement <span class=\"wpforms-required-label\" aria-hidden=\"true\">*<\/span><\/legend><ul id=\"wpforms-577-field_4\" class=\"wpforms-field-required\"><li class=\"choice-1 depth-1\"><input type=\"checkbox\" id=\"wpforms-577-field_4_1\" name=\"wpforms[fields][4][]\" value=\"J\u2019accepte que mes donn\u00e9es personnelles soient utilis\u00e9es uniquement afin de r\u00e9pondre \u00e0 ma demande, conform\u00e9ment \u00e0 la politique de confidentialit\u00e9.\" aria-errormessage=\"wpforms-577-field_4_1-error\" required ><label class=\"wpforms-field-label-inline\" for=\"wpforms-577-field_4_1\">J\u2019accepte que mes donn\u00e9es personnelles soient utilis\u00e9es uniquement afin de r\u00e9pondre \u00e0 ma demande, conform\u00e9ment \u00e0 la politique de confidentialit\u00e9.<\/label><\/li><\/ul><\/fieldset><\/div><script>\n\t\t\t\t( function() {\n\t\t\t\t\tconst style = document.createElement( 'style' );\n\t\t\t\t\tstyle.appendChild( document.createTextNode( '#wpforms-577-field_5-container { position: absolute !important; overflow: hidden !important; display: inline !important; height: 1px !important; width: 1px !important; z-index: -1000 !important; padding: 0 !important; } #wpforms-577-field_5-container input { visibility: hidden; } #wpforms-conversational-form-page #wpforms-577-field_5-container label { counter-increment: none; }' ) );\n\t\t\t\t\tdocument.head.appendChild( style );\n\t\t\t\t\tdocument.currentScript?.remove();\n\t\t\t\t} )();\n\t\t\t<\/script><\/div><!-- .wpforms-field-container --><div class=\"wpforms-submit-container\" ><input type=\"hidden\" name=\"wpforms[id]\" value=\"577\"><input type=\"hidden\" name=\"page_title\" value=\"\"><input type=\"hidden\" name=\"page_url\" value=\"https:\/\/small-bud.com\/de\/wp-json\/wp\/v2\/pages\/2079\"><input type=\"hidden\" name=\"url_referer\" value=\"\"><button type=\"submit\" name=\"wpforms[submit]\" id=\"wpforms-submit-577\" class=\"wpforms-submit\" data-alt-text=\"Envoi...\" data-submit-text=\"Envoyer\" aria-live=\"assertive\" value=\"wpforms-submit\">Envoyer<\/button><img decoding=\"async\" src=\"https:\/\/small-bud.com\/wp-content\/plugins\/wpforms-lite\/assets\/images\/submit-spin.svg\" class=\"wpforms-submit-spinner\" style=\"display: none;\" width=\"26\" height=\"26\" alt=\"Wird geladen\"><\/div><\/form><\/div>  <!-- .wpforms-container -->\t\t\t\t<\/div>\n\t\t\t\t<\/div>\n\t\t\t\t\t<\/div>\n\t\t\t\t<\/div>\n\t\t\t\t<\/div>\n\t\t","protected":false},"excerpt":{"rendered":"<p>kontaktieren Sie uns Eine Frage zu einer Vorbestellung, einem Produkt, Ihrer Bestellung oder der Lieferung? Unser Team steht Ihnen gerne zur Verf\u00fcgung und wird so schnell wie m\u00f6glich antworten. Nutzen Sie das untenstehende Formular, um uns direkt zu kontaktieren. Veuillez activer JavaScript dans votre navigateur pour remplir ce formulaire.Veuillez activer JavaScript dans votre navigateur pour [&hellip;]<\/p>\n","protected":false},"author":1,"featured_media":0,"parent":0,"menu_order":0,"comment_status":"closed","ping_status":"closed","template":"","meta":{"footnotes":""},"class_list":["post-2079","page","type-page","status-publish","hentry"],"yoast_head":"<!-- This site is optimized with the Yoast SEO plugin v27.4 - https:\/\/yoast.com\/product\/yoast-seo-wordpress\/ -->\n<title>Kontakt | Small Bud \u2013 Servicekunde &amp; Informationen<\/title>\n<meta name=\"description\" content=\"Haben Sie eine Frage zu einer Vorbestellung, einem Produkt oder einer Lieferung? Kontaktieren Sie das Small Bud-Team \u00fcber unser Formular, wir werden schnell antworten.\" \/>\n<meta name=\"robots\" content=\"index, follow, max-snippet:-1, max-image-preview:large, max-video-preview:-1\" \/>\n<link rel=\"canonical\" href=\"https:\/\/small-bud.com\/de\/contact-2\/\" \/>\n<meta property=\"og:locale\" content=\"de_DE\" \/>\n<meta property=\"og:type\" content=\"article\" \/>\n<meta property=\"og:title\" content=\"Kontakt | Small Bud \u2013 Servicekunde &amp; Informationen\" \/>\n<meta property=\"og:description\" content=\"Haben Sie eine Frage zu einer Vorbestellung, einem Produkt oder einer Lieferung? Kontaktieren Sie das Small Bud-Team \u00fcber unser Formular, wir werden schnell antworten.\" \/>\n<meta property=\"og:url\" content=\"https:\/\/small-bud.com\/de\/contact-2\/\" \/>\n<meta property=\"og:site_name\" content=\"small bud\" \/>\n<meta property=\"article:modified_time\" content=\"2026-04-14T14:22:25+00:00\" \/>\n<meta property=\"og:image\" content=\"https:\/\/small-bud.com\/wp-content\/plugins\/wpforms-lite\/assets\/images\/submit-spin.svg\" \/>\n<meta name=\"twitter:card\" content=\"summary_large_image\" \/>\n<script type=\"application\/ld+json\" class=\"yoast-schema-graph\">{\"@context\":\"https:\\\/\\\/schema.org\",\"@graph\":[{\"@type\":\"WebPage\",\"@id\":\"https:\\\/\\\/small-bud.com\\\/de\\\/contact-2\\\/\",\"url\":\"https:\\\/\\\/small-bud.com\\\/de\\\/contact-2\\\/\",\"name\":\"Kontakt | Small Bud \u2013 Servicekunde & Informationen\",\"isPartOf\":{\"@id\":\"https:\\\/\\\/small-bud.com\\\/de\\\/#website\"},\"primaryImageOfPage\":{\"@id\":\"https:\\\/\\\/small-bud.com\\\/de\\\/contact-2\\\/#primaryimage\"},\"image\":{\"@id\":\"https:\\\/\\\/small-bud.com\\\/de\\\/contact-2\\\/#primaryimage\"},\"thumbnailUrl\":\"https:\\\/\\\/small-bud.com\\\/wp-content\\\/plugins\\\/wpforms-lite\\\/assets\\\/images\\\/submit-spin.svg\",\"datePublished\":\"2026-01-28T16:55:05+00:00\",\"dateModified\":\"2026-04-14T14:22:25+00:00\",\"description\":\"Haben Sie eine Frage zu einer Vorbestellung, einem Produkt oder einer Lieferung? Kontaktieren Sie das Small Bud-Team \u00fcber unser Formular, wir werden schnell antworten.\",\"breadcrumb\":{\"@id\":\"https:\\\/\\\/small-bud.com\\\/de\\\/contact-2\\\/#breadcrumb\"},\"inLanguage\":\"de\",\"potentialAction\":[{\"@type\":\"ReadAction\",\"target\":[\"https:\\\/\\\/small-bud.com\\\/de\\\/contact-2\\\/\"]}]},{\"@type\":\"ImageObject\",\"inLanguage\":\"de\",\"@id\":\"https:\\\/\\\/small-bud.com\\\/de\\\/contact-2\\\/#primaryimage\",\"url\":\"https:\\\/\\\/small-bud.com\\\/wp-content\\\/plugins\\\/wpforms-lite\\\/assets\\\/images\\\/submit-spin.svg\",\"contentUrl\":\"https:\\\/\\\/small-bud.com\\\/wp-content\\\/plugins\\\/wpforms-lite\\\/assets\\\/images\\\/submit-spin.svg\"},{\"@type\":\"BreadcrumbList\",\"@id\":\"https:\\\/\\\/small-bud.com\\\/de\\\/contact-2\\\/#breadcrumb\",\"itemListElement\":[{\"@type\":\"ListItem\",\"position\":1,\"name\":\"Accueil\",\"item\":\"https:\\\/\\\/small-bud.com\\\/de\\\/\"},{\"@type\":\"ListItem\",\"position\":2,\"name\":\"Contact\"}]},{\"@type\":\"WebSite\",\"@id\":\"https:\\\/\\\/small-bud.com\\\/de\\\/#website\",\"url\":\"https:\\\/\\\/small-bud.com\\\/de\\\/\",\"name\":\"small bud\",\"description\":\"Le meilleur endroit pour acheter son CBD\",\"potentialAction\":[{\"@type\":\"SearchAction\",\"target\":{\"@type\":\"EntryPoint\",\"urlTemplate\":\"https:\\\/\\\/small-bud.com\\\/de\\\/?s={search_term_string}\"},\"query-input\":{\"@type\":\"PropertyValueSpecification\",\"valueRequired\":true,\"valueName\":\"search_term_string\"}}],\"inLanguage\":\"de\"}]}<\/script>\n<!-- \/ Yoast SEO plugin. -->","yoast_head_json":{"title":"Kontakt | Small Bud \u2013 Servicekunde & Informationen","description":"Haben Sie eine Frage zu einer Vorbestellung, einem Produkt oder einer Lieferung? Kontaktieren Sie das Small Bud-Team \u00fcber unser Formular, wir werden schnell antworten.","robots":{"index":"index","follow":"follow","max-snippet":"max-snippet:-1","max-image-preview":"max-image-preview:large","max-video-preview":"max-video-preview:-1"},"canonical":"https:\/\/small-bud.com\/de\/contact-2\/","og_locale":"de_DE","og_type":"article","og_title":"Kontakt | Small Bud \u2013 Servicekunde & Informationen","og_description":"Haben Sie eine Frage zu einer Vorbestellung, einem Produkt oder einer Lieferung? Kontaktieren Sie das Small Bud-Team \u00fcber unser Formular, wir werden schnell antworten.","og_url":"https:\/\/small-bud.com\/de\/contact-2\/","og_site_name":"small bud","article_modified_time":"2026-04-14T14:22:25+00:00","og_image":[{"url":"https:\/\/small-bud.com\/wp-content\/plugins\/wpforms-lite\/assets\/images\/submit-spin.svg","type":"","width":"","height":""}],"twitter_card":"summary_large_image","schema":{"@context":"https:\/\/schema.org","@graph":[{"@type":"WebPage","@id":"https:\/\/small-bud.com\/de\/contact-2\/","url":"https:\/\/small-bud.com\/de\/contact-2\/","name":"Kontakt | Small Bud \u2013 Servicekunde & Informationen","isPartOf":{"@id":"https:\/\/small-bud.com\/de\/#website"},"primaryImageOfPage":{"@id":"https:\/\/small-bud.com\/de\/contact-2\/#primaryimage"},"image":{"@id":"https:\/\/small-bud.com\/de\/contact-2\/#primaryimage"},"thumbnailUrl":"https:\/\/small-bud.com\/wp-content\/plugins\/wpforms-lite\/assets\/images\/submit-spin.svg","datePublished":"2026-01-28T16:55:05+00:00","dateModified":"2026-04-14T14:22:25+00:00","description":"Haben Sie eine Frage zu einer Vorbestellung, einem Produkt oder einer Lieferung? Kontaktieren Sie das Small Bud-Team \u00fcber unser Formular, wir werden schnell antworten.","breadcrumb":{"@id":"https:\/\/small-bud.com\/de\/contact-2\/#breadcrumb"},"inLanguage":"de","potentialAction":[{"@type":"ReadAction","target":["https:\/\/small-bud.com\/de\/contact-2\/"]}]},{"@type":"ImageObject","inLanguage":"de","@id":"https:\/\/small-bud.com\/de\/contact-2\/#primaryimage","url":"https:\/\/small-bud.com\/wp-content\/plugins\/wpforms-lite\/assets\/images\/submit-spin.svg","contentUrl":"https:\/\/small-bud.com\/wp-content\/plugins\/wpforms-lite\/assets\/images\/submit-spin.svg"},{"@type":"BreadcrumbList","@id":"https:\/\/small-bud.com\/de\/contact-2\/#breadcrumb","itemListElement":[{"@type":"ListItem","position":1,"name":"Accueil","item":"https:\/\/small-bud.com\/de\/"},{"@type":"ListItem","position":2,"name":"Contact"}]},{"@type":"WebSite","@id":"https:\/\/small-bud.com\/de\/#website","url":"https:\/\/small-bud.com\/de\/","name":"small bud","description":"Le meilleur endroit pour acheter son CBD","potentialAction":[{"@type":"SearchAction","target":{"@type":"EntryPoint","urlTemplate":"https:\/\/small-bud.com\/de\/?s={search_term_string}"},"query-input":{"@type":"PropertyValueSpecification","valueRequired":true,"valueName":"search_term_string"}}],"inLanguage":"de"}]}},"_links":{"self":[{"href":"https:\/\/small-bud.com\/de\/wp-json\/wp\/v2\/pages\/2079","targetHints":{"allow":["GET"]}}],"collection":[{"href":"https:\/\/small-bud.com\/de\/wp-json\/wp\/v2\/pages"}],"about":[{"href":"https:\/\/small-bud.com\/de\/wp-json\/wp\/v2\/types\/page"}],"author":[{"embeddable":true,"href":"https:\/\/small-bud.com\/de\/wp-json\/wp\/v2\/users\/1"}],"replies":[{"embeddable":true,"href":"https:\/\/small-bud.com\/de\/wp-json\/wp\/v2\/comments?post=2079"}],"version-history":[{"count":1,"href":"https:\/\/small-bud.com\/de\/wp-json\/wp\/v2\/pages\/2079\/revisions"}],"predecessor-version":[{"id":2080,"href":"https:\/\/small-bud.com\/de\/wp-json\/wp\/v2\/pages\/2079\/revisions\/2080"}],"wp:attachment":[{"href":"https:\/\/small-bud.com\/de\/wp-json\/wp\/v2\/media?parent=2079"}],"curies":[{"name":"wp","href":"https:\/\/api.w.org\/{rel}","templated":true}]}}